{"id":34,"date":"2023-09-18T19:05:29","date_gmt":"2023-09-18T17:05:29","guid":{"rendered":"https:\/\/hudbasvetazilina.sk\/?page_id=34"},"modified":"2025-10-17T19:38:09","modified_gmt":"2025-10-17T17:38:09","slug":"uvod","status":"publish","type":"page","link":"https:\/\/hudbasvetazilina.sk\/sk\/","title":{"rendered":"Hudba sveta \u017dilina 2025"},"content":{"rendered":"<p><a href=\"https:\/\/hudbasvetazilina.sk\/wp-content\/uploads\/2025\/10\/hudba_sveta_2025-scaled.jpg\"><img loading=\"lazy\" class=\"aligncenter size-full wp-image-1202\" src=\"https:\/\/hudbasvetazilina.sk\/wp-content\/uploads\/2025\/10\/hudba_sveta_2025-scaled.jpg\" alt=\"\" width=\"2048\" height=\"2560\" srcset=\"https:\/\/hudbasvetazilina.sk\/wp-content\/uploads\/2025\/10\/hudba_sveta_2025-scaled.jpg 2048w, https:\/\/hudbasvetazilina.sk\/wp-content\/uploads\/2025\/10\/hudba_sveta_2025-700x875.jpg 700w, https:\/\/hudbasvetazilina.sk\/wp-content\/uploads\/2025\/10\/hudba_sveta_2025-768x960.jpg 768w, https:\/\/hudbasvetazilina.sk\/wp-content\/uploads\/2025\/10\/hudba_sveta_2025-1229x1536.jpg 1229w, https:\/\/hudbasvetazilina.sk\/wp-content\/uploads\/2025\/10\/hudba_sveta_2025-1638x2048.jpg 1638w, https:\/\/hudbasvetazilina.sk\/wp-content\/uploads\/2025\/10\/hudba_sveta_2025-250x313.jpg 250w, https:\/\/hudbasvetazilina.sk\/wp-content\/uploads\/2025\/10\/hudba_sveta_2025-800x1000.jpg 800w\" sizes=\"(max-width: 2048px) 100vw, 2048px\" \/><\/a><\/p>\n<p style=\"text-align: center;\"><strong>Svetov\u00e1 hudba znie v \u017diline u\u017e 11. rok! Festival Hudba sveta \u017dilina 2025 prin\u00e1\u0161a rytmy, ktor\u00e9 sp\u00e1jaj\u00fa.<\/strong><\/p>\n<p style=\"text-align: center;\">\u017dilina sa aj tento rok stane miestom, kde hudba prekon\u00e1va hranice \u0161t\u00fdlov, kult\u00far a kraj\u00edn. Festival Hudba sveta \u017dilina, ktor\u00fd sa te\u0161\u00ed \u010doraz v\u00e4\u010d\u0161iemu z\u00e1ujmu verejnosti i m\u00e9di\u00ed, vstupuje v roku 2025 do svojho 11. ro\u010dn\u00edka. Dvojd\u0148ov\u00fd hudobn\u00fd sviatok sa uskuto\u010dn\u00ed 9. \u2013 10. okt\u00f3bra 2025 a pon\u00fakne pestr\u00fa paletu koncertov, workshopov i tane\u010dnej energie, ktor\u00e1 prinesie do mesta jedine\u010dn\u00fa atmosf\u00e9ru.<\/p>\n<p style=\"text-align: center;\">Festival u\u017e tradi\u010dne predstavuje hudbu, ktor\u00e1 sa ned\u00e1 jednoducho zaradi\u0165 do jednej \u0161katu\u013eky. Jeho cie\u013eom je sprostredkova\u0165 z\u00e1\u017eitky z r\u00f4znych k\u00fatov sveta a uk\u00e1za\u0165, \u017ee hudba je univerz\u00e1lny jazyk, ktor\u00e9mu rozumie naozaj ka\u017ed\u00fd. Okrem vyst\u00fapen\u00ed medzin\u00e1rodn\u00fdch host\u00ed sa n\u00e1v\u0161tevn\u00edci m\u00f4\u017eu te\u0161i\u0165 aj na slovensk\u00fdch interpretov, ktor\u00ed dokazuj\u00fa, \u017ee aj na dom\u00e1cej sc\u00e9ne vznikaj\u00fa origin\u00e1lne projekty s presahom za hranice be\u017en\u00fdch \u017e\u00e1nrov.<\/p>\n<p style=\"text-align: center;\">Festival vznik\u00e1 s podporou Fondu na podporu umenia. Finan\u010dne ho podporilo aj Mesto \u017dilina, Soci\u00e1lny a kult\u00farny fond SOZA a Hudobn\u00fd fond \u2013 Music Fund Slovakia. Partnerom \u010fakujeme: Rosenfeldov pal\u00e1c, Z\u0160 Karpatsk\u00e1 a Profigrafik.sk<\/p>\n","protected":false},"excerpt":{"rendered":"<p>Svetov\u00e1 hudba znie v \u017diline u\u017e 11. rok! Festival Hudba sveta \u017dilina 2025 prin\u00e1\u0161a rytmy, ktor\u00e9 sp\u00e1jaj\u00fa. \u017dilina sa aj tento rok stane miestom, kde hudba prekon\u00e1va hranice \u0161t\u00fdlov, kult\u00far a kraj\u00edn. Festival Hudba sveta \u017dilina, ktor\u00fd sa te\u0161\u00ed \u010doraz v\u00e4\u010d\u0161iemu z\u00e1ujmu verejnosti i m\u00e9di\u00ed, vstupuje v roku 2025 do svojho 11. ro\u010dn\u00edka. Dvojd\u0148ov\u00fd hudobn\u00fd&#8230;<\/p>\n","protected":false},"author":1,"featured_media":1160,"parent":0,"menu_order":14,"comment_status":"closed","ping_status":"closed","template":"fullwidth.php","meta":[],"yoast_head":"<!-- This site is optimized with the Yoast SEO plugin v15.1.1 - https:\/\/yoast.com\/wordpress\/plugins\/seo\/ -->\n<title>Hudba sveta \u017dilina - 9.- 10. Okt\u00f3ber 2025<\/title>\n<meta name=\"description\" content=\"Festival Hudba sveta \u017dilina od\u0161tartuje svoj 11. ro\u010dn\u00edk! V d\u0148och 9. \u2013 10. okt\u00f3bra 2025 prinesie do \u017diliny koncerty, workshopy a sprievodn\u00e9 podujatia, ktor\u00e9 predstavia hudbu prekra\u010duj\u00facu hranice \u0161t\u00fdlov a z r\u00f4znych kraj\u00edn.\" \/>\n<meta name=\"robots\" content=\"index, follow, max-snippet:-1, max-image-preview:large, max-video-preview:-1\" \/>\n<link rel=\"canonical\" href=\"https:\/\/hudbasvetazilina.sk\/sk\/\" \/>\n<meta property=\"og:locale\" content=\"sk_SK\" \/>\n<meta property=\"og:type\" content=\"article\" \/>\n<meta property=\"og:title\" content=\"Hudba sveta \u017dilina - 9.- 10. Okt\u00f3ber 2025\" \/>\n<meta property=\"og:description\" content=\"Festival Hudba sveta \u017dilina od\u0161tartuje svoj 11. ro\u010dn\u00edk! V d\u0148och 9. \u2013 10. okt\u00f3bra 2025 prinesie do \u017diliny koncerty, workshopy a sprievodn\u00e9 podujatia, ktor\u00e9 predstavia hudbu prekra\u010duj\u00facu hranice \u0161t\u00fdlov a z r\u00f4znych kraj\u00edn.\" \/>\n<meta property=\"og:url\" content=\"https:\/\/hudbasvetazilina.sk\/sk\/\" \/>\n<meta property=\"og:site_name\" content=\"Hudba sveta \u017dilina\" \/>\n<meta property=\"article:publisher\" content=\"https:\/\/www.facebook.com\/hudbasvetazilina\/\" \/>\n<meta property=\"article:modified_time\" content=\"2025-10-17T17:38:09+00:00\" \/>\n<meta property=\"og:image\" content=\"https:\/\/hudbasvetazilina.sk\/wp-content\/uploads\/2024\/09\/hudba_sveta_logo.jpg\" \/>\n\t<meta property=\"og:image:width\" content=\"1080\" \/>\n\t<meta property=\"og:image:height\" content=\"555\" \/>\n<meta name=\"twitter:card\" content=\"summary_large_image\" \/>\n<script type=\"application\/ld+json\" class=\"yoast-schema-graph\">{\"@context\":\"https:\/\/schema.org\",\"@graph\":[{\"@type\":\"Organization\",\"@id\":\"https:\/\/hudbasvetazilina.sk\/sk\/#organization\",\"name\":\"Hudba sveta \\u017dilina\",\"url\":\"https:\/\/hudbasvetazilina.sk\/sk\/\",\"sameAs\":[\"https:\/\/www.facebook.com\/hudbasvetazilina\/\"],\"logo\":{\"@type\":\"ImageObject\",\"@id\":\"https:\/\/hudbasvetazilina.sk\/sk\/#logo\",\"inLanguage\":\"sk-SK\",\"url\":\"https:\/\/hudbasvetazilina.sk\/wp-content\/uploads\/2024\/09\/hudba_sveta_logo.jpg\",\"width\":1080,\"height\":555,\"caption\":\"Hudba sveta \\u017dilina\"},\"image\":{\"@id\":\"https:\/\/hudbasvetazilina.sk\/sk\/#logo\"}},{\"@type\":\"WebSite\",\"@id\":\"https:\/\/hudbasvetazilina.sk\/sk\/#website\",\"url\":\"https:\/\/hudbasvetazilina.sk\/sk\/\",\"name\":\"Hudba sveta \\u017dilina\",\"description\":\"9. - 10. Okt\\u00f3ber 2025\",\"publisher\":{\"@id\":\"https:\/\/hudbasvetazilina.sk\/sk\/#organization\"},\"potentialAction\":[{\"@type\":\"SearchAction\",\"target\":\"https:\/\/hudbasvetazilina.sk\/sk\/?s={search_term_string}\",\"query-input\":\"required name=search_term_string\"}],\"inLanguage\":\"sk-SK\"},{\"@type\":\"ImageObject\",\"@id\":\"https:\/\/hudbasvetazilina.sk\/sk\/#primaryimage\",\"inLanguage\":\"sk-SK\",\"url\":\"https:\/\/hudbasvetazilina.sk\/wp-content\/uploads\/2024\/09\/hudba_sveta_logo.jpg\",\"width\":1080,\"height\":555},{\"@type\":\"WebPage\",\"@id\":\"https:\/\/hudbasvetazilina.sk\/sk\/#webpage\",\"url\":\"https:\/\/hudbasvetazilina.sk\/sk\/\",\"name\":\"Hudba sveta \\u017dilina - 9.- 10. Okt\\u00f3ber 2025\",\"isPartOf\":{\"@id\":\"https:\/\/hudbasvetazilina.sk\/sk\/#website\"},\"primaryImageOfPage\":{\"@id\":\"https:\/\/hudbasvetazilina.sk\/sk\/#primaryimage\"},\"datePublished\":\"2023-09-18T17:05:29+00:00\",\"dateModified\":\"2025-10-17T17:38:09+00:00\",\"description\":\"Festival Hudba sveta \\u017dilina od\\u0161tartuje svoj 11. ro\\u010dn\\u00edk! V d\\u0148och 9. \\u2013 10. okt\\u00f3bra 2025 prinesie do \\u017diliny koncerty, workshopy a sprievodn\\u00e9 podujatia, ktor\\u00e9 predstavia hudbu prekra\\u010duj\\u00facu hranice \\u0161t\\u00fdlov a z r\\u00f4znych kraj\\u00edn.\",\"inLanguage\":\"sk-SK\",\"potentialAction\":[{\"@type\":\"ReadAction\",\"target\":[[\"https:\/\/hudbasvetazilina.sk\/sk\/\"]]}]}]}<\/script>\n<!-- \/ Yoast SEO plugin. -->","_links":{"self":[{"href":"https:\/\/hudbasvetazilina.sk\/sk\/wp-json\/wp\/v2\/pages\/34"}],"collection":[{"href":"https:\/\/hudbasvetazilina.sk\/sk\/wp-json\/wp\/v2\/pages"}],"about":[{"href":"https:\/\/hudbasvetazilina.sk\/sk\/wp-json\/wp\/v2\/types\/page"}],"author":[{"embeddable":true,"href":"https:\/\/hudbasvetazilina.sk\/sk\/wp-json\/wp\/v2\/users\/1"}],"replies":[{"embeddable":true,"href":"https:\/\/hudbasvetazilina.sk\/sk\/wp-json\/wp\/v2\/comments?post=34"}],"version-history":[{"count":99,"href":"https:\/\/hudbasvetazilina.sk\/sk\/wp-json\/wp\/v2\/pages\/34\/revisions"}],"predecessor-version":[{"id":1203,"href":"https:\/\/hudbasvetazilina.sk\/sk\/wp-json\/wp\/v2\/pages\/34\/revisions\/1203"}],"wp:featuredmedia":[{"embeddable":true,"href":"https:\/\/hudbasvetazilina.sk\/sk\/wp-json\/wp\/v2\/media\/1160"}],"wp:attachment":[{"href":"https:\/\/hudbasvetazilina.sk\/sk\/wp-json\/wp\/v2\/media?parent=34"}],"curies":[{"name":"wp","href":"https:\/\/api.w.org\/{rel}","templated":true}]}}