{"id":306,"date":"2020-01-06T19:56:22","date_gmt":"2020-01-06T18:56:22","guid":{"rendered":"https:\/\/hudbasvetazilina.sk\/?page_id=306"},"modified":"2020-01-06T20:22:11","modified_gmt":"2020-01-06T19:22:11","slug":"rocnik-2019","status":"publish","type":"page","link":"https:\/\/hudbasvetazilina.sk\/sk\/rocnik-2019\/","title":{"rendered":"Ro\u010dn\u00edk 2019"},"content":{"rendered":"<p><div id='gallery-1' class='gallery galleryid-306 gallery-columns-3 gallery-size-medium'><figure class='gallery-item'>\n\t\t\t<div class='gallery-icon landscape'>\n\t\t\t\t<a href='https:\/\/hudbasvetazilina.sk\/sk\/img_5755\/'><img width=\"350\" height=\"250\" src=\"https:\/\/hudbasvetazilina.sk\/wp-content\/uploads\/2020\/01\/IMG_5755-350x250.png\" class=\"attachment-medium size-medium\" alt=\"\" loading=\"lazy\" \/><\/a>\n\t\t\t<\/div><\/figure><figure class='gallery-item'>\n\t\t\t<div class='gallery-icon landscape'>\n\t\t\t\t<a href='https:\/\/hudbasvetazilina.sk\/sk\/img_9541\/'><img width=\"350\" height=\"250\" src=\"https:\/\/hudbasvetazilina.sk\/wp-content\/uploads\/2020\/01\/IMG_9541-350x250.png\" class=\"attachment-medium size-medium\" alt=\"\" loading=\"lazy\" \/><\/a>\n\t\t\t<\/div><\/figure><figure class='gallery-item'>\n\t\t\t<div class='gallery-icon landscape'>\n\t\t\t\t<a href='https:\/\/hudbasvetazilina.sk\/sk\/img_9503\/'><img width=\"350\" height=\"250\" src=\"https:\/\/hudbasvetazilina.sk\/wp-content\/uploads\/2020\/01\/IMG_9503-350x250.png\" class=\"attachment-medium size-medium\" alt=\"\" loading=\"lazy\" \/><\/a>\n\t\t\t<\/div><\/figure><figure class='gallery-item'>\n\t\t\t<div class='gallery-icon landscape'>\n\t\t\t\t<a href='https:\/\/hudbasvetazilina.sk\/sk\/img_5852\/'><img width=\"350\" height=\"250\" src=\"https:\/\/hudbasvetazilina.sk\/wp-content\/uploads\/2020\/01\/IMG_5852-350x250.png\" class=\"attachment-medium size-medium\" alt=\"\" loading=\"lazy\" \/><\/a>\n\t\t\t<\/div><\/figure><figure class='gallery-item'>\n\t\t\t<div class='gallery-icon landscape'>\n\t\t\t\t<a href='https:\/\/hudbasvetazilina.sk\/sk\/img_9612\/'><img width=\"350\" height=\"250\" src=\"https:\/\/hudbasvetazilina.sk\/wp-content\/uploads\/2020\/01\/IMG_9612-350x250.png\" class=\"attachment-medium size-medium\" alt=\"\" loading=\"lazy\" \/><\/a>\n\t\t\t<\/div><\/figure><figure class='gallery-item'>\n\t\t\t<div class='gallery-icon landscape'>\n\t\t\t\t<a href='https:\/\/hudbasvetazilina.sk\/sk\/img_9624\/'><img width=\"350\" height=\"250\" src=\"https:\/\/hudbasvetazilina.sk\/wp-content\/uploads\/2020\/01\/IMG_9624-350x250.png\" class=\"attachment-medium size-medium\" alt=\"\" loading=\"lazy\" \/><\/a>\n\t\t\t<\/div><\/figure><figure class='gallery-item'>\n\t\t\t<div class='gallery-icon landscape'>\n\t\t\t\t<a href='https:\/\/hudbasvetazilina.sk\/sk\/img_9626\/'><img width=\"350\" height=\"250\" src=\"https:\/\/hudbasvetazilina.sk\/wp-content\/uploads\/2020\/01\/IMG_9626-350x250.png\" class=\"attachment-medium size-medium\" alt=\"\" loading=\"lazy\" \/><\/a>\n\t\t\t<\/div><\/figure><figure class='gallery-item'>\n\t\t\t<div class='gallery-icon landscape'>\n\t\t\t\t<a href='https:\/\/hudbasvetazilina.sk\/sk\/img_9629\/'><img width=\"350\" height=\"250\" src=\"https:\/\/hudbasvetazilina.sk\/wp-content\/uploads\/2020\/01\/IMG_9629-350x250.png\" class=\"attachment-medium size-medium\" alt=\"\" loading=\"lazy\" \/><\/a>\n\t\t\t<\/div><\/figure><figure class='gallery-item'>\n\t\t\t<div class='gallery-icon landscape'>\n\t\t\t\t<a href='https:\/\/hudbasvetazilina.sk\/sk\/img_9642\/'><img width=\"350\" height=\"250\" src=\"https:\/\/hudbasvetazilina.sk\/wp-content\/uploads\/2020\/01\/IMG_9642-350x250.png\" class=\"attachment-medium size-medium\" alt=\"\" loading=\"lazy\" \/><\/a>\n\t\t\t<\/div><\/figure><figure class='gallery-item'>\n\t\t\t<div class='gallery-icon landscape'>\n\t\t\t\t<a href='https:\/\/hudbasvetazilina.sk\/sk\/img_9647\/'><img width=\"350\" height=\"250\" src=\"https:\/\/hudbasvetazilina.sk\/wp-content\/uploads\/2020\/01\/IMG_9647-350x250.png\" class=\"attachment-medium size-medium\" alt=\"\" loading=\"lazy\" \/><\/a>\n\t\t\t<\/div><\/figure><figure class='gallery-item'>\n\t\t\t<div class='gallery-icon landscape'>\n\t\t\t\t<a href='https:\/\/hudbasvetazilina.sk\/sk\/img_9667\/'><img width=\"350\" height=\"250\" src=\"https:\/\/hudbasvetazilina.sk\/wp-content\/uploads\/2020\/01\/IMG_9667-350x250.png\" class=\"attachment-medium size-medium\" alt=\"\" loading=\"lazy\" \/><\/a>\n\t\t\t<\/div><\/figure><figure class='gallery-item'>\n\t\t\t<div class='gallery-icon landscape'>\n\t\t\t\t<a href='https:\/\/hudbasvetazilina.sk\/sk\/img_0081\/'><img width=\"350\" height=\"250\" src=\"https:\/\/hudbasvetazilina.sk\/wp-content\/uploads\/2020\/01\/IMG_0081-350x250.png\" class=\"attachment-medium size-medium\" alt=\"\" loading=\"lazy\" \/><\/a>\n\t\t\t<\/div><\/figure><figure class='gallery-item'>\n\t\t\t<div class='gallery-icon landscape'>\n\t\t\t\t<a href='https:\/\/hudbasvetazilina.sk\/sk\/img_0067\/'><img width=\"350\" height=\"250\" src=\"https:\/\/hudbasvetazilina.sk\/wp-content\/uploads\/2020\/01\/IMG_0067-350x250.png\" class=\"attachment-medium size-medium\" alt=\"\" loading=\"lazy\" \/><\/a>\n\t\t\t<\/div><\/figure><figure class='gallery-item'>\n\t\t\t<div class='gallery-icon landscape'>\n\t\t\t\t<a href='https:\/\/hudbasvetazilina.sk\/sk\/img_0056\/'><img width=\"350\" height=\"250\" src=\"https:\/\/hudbasvetazilina.sk\/wp-content\/uploads\/2020\/01\/IMG_0056-350x250.png\" class=\"attachment-medium size-medium\" alt=\"\" loading=\"lazy\" \/><\/a>\n\t\t\t<\/div><\/figure><figure class='gallery-item'>\n\t\t\t<div class='gallery-icon landscape'>\n\t\t\t\t<a href='https:\/\/hudbasvetazilina.sk\/sk\/img_0234\/'><img width=\"350\" height=\"250\" src=\"https:\/\/hudbasvetazilina.sk\/wp-content\/uploads\/2020\/01\/IMG_0234-350x250.png\" class=\"attachment-medium size-medium\" alt=\"\" loading=\"lazy\" \/><\/a>\n\t\t\t<\/div><\/figure><figure class='gallery-item'>\n\t\t\t<div class='gallery-icon landscape'>\n\t\t\t\t<a href='https:\/\/hudbasvetazilina.sk\/sk\/img_0211\/'><img width=\"350\" height=\"250\" src=\"https:\/\/hudbasvetazilina.sk\/wp-content\/uploads\/2020\/01\/IMG_0211-350x250.png\" class=\"attachment-medium size-medium\" alt=\"\" loading=\"lazy\" \/><\/a>\n\t\t\t<\/div><\/figure><figure class='gallery-item'>\n\t\t\t<div class='gallery-icon landscape'>\n\t\t\t\t<a href='https:\/\/hudbasvetazilina.sk\/sk\/img_0183\/'><img width=\"350\" height=\"250\" src=\"https:\/\/hudbasvetazilina.sk\/wp-content\/uploads\/2020\/01\/IMG_0183-350x250.png\" class=\"attachment-medium size-medium\" alt=\"\" loading=\"lazy\" \/><\/a>\n\t\t\t<\/div><\/figure><figure class='gallery-item'>\n\t\t\t<div class='gallery-icon landscape'>\n\t\t\t\t<a href='https:\/\/hudbasvetazilina.sk\/sk\/img_0250\/'><img width=\"350\" height=\"250\" src=\"https:\/\/hudbasvetazilina.sk\/wp-content\/uploads\/2020\/01\/IMG_0250-350x250.png\" class=\"attachment-medium size-medium\" alt=\"\" loading=\"lazy\" \/><\/a>\n\t\t\t<\/div><\/figure><figure class='gallery-item'>\n\t\t\t<div class='gallery-icon landscape'>\n\t\t\t\t<a href='https:\/\/hudbasvetazilina.sk\/sk\/img_0194\/'><img width=\"350\" height=\"250\" src=\"https:\/\/hudbasvetazilina.sk\/wp-content\/uploads\/2020\/01\/IMG_0194-350x250.png\" class=\"attachment-medium size-medium\" alt=\"\" loading=\"lazy\" \/><\/a>\n\t\t\t<\/div><\/figure><figure class='gallery-item'>\n\t\t\t<div class='gallery-icon landscape'>\n\t\t\t\t<a href='https:\/\/hudbasvetazilina.sk\/sk\/img_0393\/'><img width=\"350\" height=\"250\" src=\"https:\/\/hudbasvetazilina.sk\/wp-content\/uploads\/2020\/01\/IMG_0393-350x250.jpg\" class=\"attachment-medium size-medium\" alt=\"\" loading=\"lazy\" \/><\/a>\n\t\t\t<\/div><\/figure><figure class='gallery-item'>\n\t\t\t<div class='gallery-icon landscape'>\n\t\t\t\t<a href='https:\/\/hudbasvetazilina.sk\/sk\/img_0710\/'><img width=\"350\" height=\"250\" src=\"https:\/\/hudbasvetazilina.sk\/wp-content\/uploads\/2020\/01\/IMG_0710-350x250.png\" class=\"attachment-medium size-medium\" alt=\"\" loading=\"lazy\" \/><\/a>\n\t\t\t<\/div><\/figure><figure class='gallery-item'>\n\t\t\t<div class='gallery-icon landscape'>\n\t\t\t\t<a href='https:\/\/hudbasvetazilina.sk\/sk\/img_0461\/'><img width=\"350\" height=\"250\" src=\"https:\/\/hudbasvetazilina.sk\/wp-content\/uploads\/2020\/01\/IMG_0461-350x250.png\" class=\"attachment-medium size-medium\" alt=\"\" loading=\"lazy\" \/><\/a>\n\t\t\t<\/div><\/figure><figure class='gallery-item'>\n\t\t\t<div class='gallery-icon landscape'>\n\t\t\t\t<a href='https:\/\/hudbasvetazilina.sk\/sk\/img_0885\/'><img width=\"350\" height=\"250\" src=\"https:\/\/hudbasvetazilina.sk\/wp-content\/uploads\/2020\/01\/IMG_0885-350x250.png\" class=\"attachment-medium size-medium\" alt=\"\" loading=\"lazy\" \/><\/a>\n\t\t\t<\/div><\/figure><figure class='gallery-item'>\n\t\t\t<div class='gallery-icon landscape'>\n\t\t\t\t<a href='https:\/\/hudbasvetazilina.sk\/sk\/img_0413\/'><img width=\"350\" height=\"250\" src=\"https:\/\/hudbasvetazilina.sk\/wp-content\/uploads\/2020\/01\/IMG_0413-350x250.png\" class=\"attachment-medium size-medium\" alt=\"\" loading=\"lazy\" \/><\/a>\n\t\t\t<\/div><\/figure><figure class='gallery-item'>\n\t\t\t<div class='gallery-icon landscape'>\n\t\t\t\t<a href='https:\/\/hudbasvetazilina.sk\/sk\/img_0920\/'><img width=\"350\" height=\"250\" src=\"https:\/\/hudbasvetazilina.sk\/wp-content\/uploads\/2020\/01\/IMG_0920-350x250.jpg\" class=\"attachment-medium size-medium\" alt=\"\" loading=\"lazy\" \/><\/a>\n\t\t\t<\/div><\/figure><figure class='gallery-item'>\n\t\t\t<div class='gallery-icon landscape'>\n\t\t\t\t<a href='https:\/\/hudbasvetazilina.sk\/sk\/img_0399\/'><img width=\"350\" height=\"250\" src=\"https:\/\/hudbasvetazilina.sk\/wp-content\/uploads\/2020\/01\/IMG_0399-350x250.jpg\" class=\"attachment-medium size-medium\" alt=\"\" loading=\"lazy\" \/><\/a>\n\t\t\t<\/div><\/figure>\n\t\t<\/div>\n<\/p>","protected":false},"excerpt":{"rendered":"","protected":false},"author":2,"featured_media":0,"parent":0,"menu_order":7,"comment_status":"closed","ping_status":"closed","template":"fullwidth.php","meta":[],"yoast_head":"<!-- This site is optimized with the Yoast SEO plugin v15.1.1 - https:\/\/yoast.com\/wordpress\/plugins\/seo\/ -->\n<title>Ro\u010dn\u00edk 2019 - Hudba sveta \u017dilina<\/title>\n<meta name=\"robots\" content=\"index, follow, max-snippet:-1, max-image-preview:large, max-video-preview:-1\" \/>\n<link rel=\"canonical\" href=\"https:\/\/hudbasvetazilina.sk\/sk\/rocnik-2019\/\" \/>\n<meta property=\"og:locale\" content=\"sk_SK\" \/>\n<meta property=\"og:type\" content=\"article\" \/>\n<meta property=\"og:title\" content=\"Ro\u010dn\u00edk 2019 - Hudba sveta \u017dilina\" \/>\n<meta property=\"og:url\" content=\"https:\/\/hudbasvetazilina.sk\/sk\/rocnik-2019\/\" \/>\n<meta property=\"og:site_name\" content=\"Hudba sveta \u017dilina\" \/>\n<meta property=\"article:publisher\" content=\"https:\/\/www.facebook.com\/hudbasvetazilina\/\" \/>\n<meta property=\"article:modified_time\" content=\"2020-01-06T19:22:11+00:00\" \/>\n<meta property=\"og:image\" content=\"https:\/\/hudbasvetazilina.sk\/wp-content\/uploads\/2020\/01\/IMG_5755-350x250.png\" \/>\n<meta name=\"twitter:card\" content=\"summary_large_image\" \/>\n<script type=\"application\/ld+json\" class=\"yoast-schema-graph\">{\"@context\":\"https:\/\/schema.org\",\"@graph\":[{\"@type\":\"Organization\",\"@id\":\"https:\/\/hudbasvetazilina.sk\/sk\/#organization\",\"name\":\"Hudba sveta \\u017dilina\",\"url\":\"https:\/\/hudbasvetazilina.sk\/sk\/\",\"sameAs\":[\"https:\/\/www.facebook.com\/hudbasvetazilina\/\"],\"logo\":{\"@type\":\"ImageObject\",\"@id\":\"https:\/\/hudbasvetazilina.sk\/sk\/#logo\",\"inLanguage\":\"sk-SK\",\"url\":\"https:\/\/hudbasvetazilina.sk\/wp-content\/uploads\/2024\/09\/hudba_sveta_logo.jpg\",\"width\":1080,\"height\":555,\"caption\":\"Hudba sveta \\u017dilina\"},\"image\":{\"@id\":\"https:\/\/hudbasvetazilina.sk\/sk\/#logo\"}},{\"@type\":\"WebSite\",\"@id\":\"https:\/\/hudbasvetazilina.sk\/sk\/#website\",\"url\":\"https:\/\/hudbasvetazilina.sk\/sk\/\",\"name\":\"Hudba sveta \\u017dilina\",\"description\":\"9. - 10. Okt\\u00f3ber 2025\",\"publisher\":{\"@id\":\"https:\/\/hudbasvetazilina.sk\/sk\/#organization\"},\"potentialAction\":[{\"@type\":\"SearchAction\",\"target\":\"https:\/\/hudbasvetazilina.sk\/sk\/?s={search_term_string}\",\"query-input\":\"required name=search_term_string\"}],\"inLanguage\":\"sk-SK\"},{\"@type\":\"WebPage\",\"@id\":\"https:\/\/hudbasvetazilina.sk\/sk\/rocnik-2019\/#webpage\",\"url\":\"https:\/\/hudbasvetazilina.sk\/sk\/rocnik-2019\/\",\"name\":\"Ro\\u010dn\\u00edk 2019 - Hudba sveta \\u017dilina\",\"isPartOf\":{\"@id\":\"https:\/\/hudbasvetazilina.sk\/sk\/#website\"},\"datePublished\":\"2020-01-06T18:56:22+00:00\",\"dateModified\":\"2020-01-06T19:22:11+00:00\",\"inLanguage\":\"sk-SK\",\"potentialAction\":[{\"@type\":\"ReadAction\",\"target\":[[\"https:\/\/hudbasvetazilina.sk\/sk\/rocnik-2019\/\"]]}]}]}<\/script>\n<!-- \/ Yoast SEO plugin. -->","_links":{"self":[{"href":"https:\/\/hudbasvetazilina.sk\/sk\/wp-json\/wp\/v2\/pages\/306"}],"collection":[{"href":"https:\/\/hudbasvetazilina.sk\/sk\/wp-json\/wp\/v2\/pages"}],"about":[{"href":"https:\/\/hudbasvetazilina.sk\/sk\/wp-json\/wp\/v2\/types\/page"}],"author":[{"embeddable":true,"href":"https:\/\/hudbasvetazilina.sk\/sk\/wp-json\/wp\/v2\/users\/2"}],"replies":[{"embeddable":true,"href":"https:\/\/hudbasvetazilina.sk\/sk\/wp-json\/wp\/v2\/comments?post=306"}],"version-history":[{"count":3,"href":"https:\/\/hudbasvetazilina.sk\/sk\/wp-json\/wp\/v2\/pages\/306\/revisions"}],"predecessor-version":[{"id":341,"href":"https:\/\/hudbasvetazilina.sk\/sk\/wp-json\/wp\/v2\/pages\/306\/revisions\/341"}],"wp:attachment":[{"href":"https:\/\/hudbasvetazilina.sk\/sk\/wp-json\/wp\/v2\/media?parent=306"}],"curies":[{"name":"wp","href":"https:\/\/api.w.org\/{rel}","templated":true}]}}