{"id":180,"date":"2018-12-20T10:16:25","date_gmt":"2018-12-20T09:16:25","guid":{"rendered":"https:\/\/hudbasvetazilina.sk\/?page_id=180"},"modified":"2019-02-21T13:32:07","modified_gmt":"2019-02-21T12:32:07","slug":"rocnik-2018","status":"publish","type":"page","link":"https:\/\/hudbasvetazilina.sk\/sk\/rocnik-2018\/","title":{"rendered":"Ro\u010dn\u00edk 2018"},"content":{"rendered":"<p><iframe src=\"https:\/\/www.youtube.com\/embed\/1E338cLFuFQ\" width=\"966\" height=\"543\" frameborder=\"0\" allowfullscreen=\"allowfullscreen\"><\/iframe><\/p>\n<p style=\"text-align: center;\"><strong>Fotogal\u00e9ria<\/strong><\/p>\n<p><div id='gallery-1' class='gallery galleryid-180 gallery-columns-3 gallery-size-medium'><figure class='gallery-item'>\n\t\t\t<div class='gallery-icon portrait'>\n\t\t\t\t<a href='https:\/\/hudbasvetazilina.sk\/wp-content\/uploads\/2019\/02\/A1-page-001.jpg'><img width=\"350\" height=\"250\" src=\"https:\/\/hudbasvetazilina.sk\/wp-content\/uploads\/2019\/02\/A1-page-001-350x250.jpg\" class=\"attachment-medium size-medium\" alt=\"\" loading=\"lazy\" \/><\/a>\n\t\t\t<\/div><\/figure><figure class='gallery-item'>\n\t\t\t<div class='gallery-icon landscape'>\n\t\t\t\t<a href='https:\/\/hudbasvetazilina.sk\/wp-content\/uploads\/2018\/12\/IMG_6.jpg'><img width=\"350\" height=\"250\" src=\"https:\/\/hudbasvetazilina.sk\/wp-content\/uploads\/2018\/12\/IMG_6-350x250.jpg\" class=\"attachment-medium size-medium\" alt=\"\" loading=\"lazy\" \/><\/a>\n\t\t\t<\/div><\/figure><figure class='gallery-item'>\n\t\t\t<div class='gallery-icon landscape'>\n\t\t\t\t<a href='https:\/\/hudbasvetazilina.sk\/wp-content\/uploads\/2018\/12\/IMG_29.jpg'><img width=\"350\" height=\"250\" src=\"https:\/\/hudbasvetazilina.sk\/wp-content\/uploads\/2018\/12\/IMG_29-350x250.jpg\" class=\"attachment-medium size-medium\" alt=\"\" loading=\"lazy\" \/><\/a>\n\t\t\t<\/div><\/figure><figure class='gallery-item'>\n\t\t\t<div class='gallery-icon landscape'>\n\t\t\t\t<a href='https:\/\/hudbasvetazilina.sk\/wp-content\/uploads\/2018\/12\/IMG_50.jpg'><img width=\"350\" height=\"250\" src=\"https:\/\/hudbasvetazilina.sk\/wp-content\/uploads\/2018\/12\/IMG_50-350x250.jpg\" class=\"attachment-medium size-medium\" alt=\"\" loading=\"lazy\" \/><\/a>\n\t\t\t<\/div><\/figure><figure class='gallery-item'>\n\t\t\t<div class='gallery-icon landscape'>\n\t\t\t\t<a href='https:\/\/hudbasvetazilina.sk\/wp-content\/uploads\/2018\/12\/IMG_45.jpg'><img width=\"350\" height=\"250\" src=\"https:\/\/hudbasvetazilina.sk\/wp-content\/uploads\/2018\/12\/IMG_45-350x250.jpg\" class=\"attachment-medium size-medium\" alt=\"\" loading=\"lazy\" \/><\/a>\n\t\t\t<\/div><\/figure><figure class='gallery-item'>\n\t\t\t<div class='gallery-icon landscape'>\n\t\t\t\t<a href='https:\/\/hudbasvetazilina.sk\/wp-content\/uploads\/2018\/12\/IMG_78.jpg'><img width=\"350\" height=\"250\" src=\"https:\/\/hudbasvetazilina.sk\/wp-content\/uploads\/2018\/12\/IMG_78-350x250.jpg\" class=\"attachment-medium size-medium\" alt=\"\" loading=\"lazy\" \/><\/a>\n\t\t\t<\/div><\/figure><figure class='gallery-item'>\n\t\t\t<div class='gallery-icon landscape'>\n\t\t\t\t<a href='https:\/\/hudbasvetazilina.sk\/wp-content\/uploads\/2018\/12\/IMG_70.jpg'><img width=\"350\" height=\"250\" src=\"https:\/\/hudbasvetazilina.sk\/wp-content\/uploads\/2018\/12\/IMG_70-350x250.jpg\" class=\"attachment-medium size-medium\" alt=\"\" loading=\"lazy\" \/><\/a>\n\t\t\t<\/div><\/figure><figure class='gallery-item'>\n\t\t\t<div class='gallery-icon landscape'>\n\t\t\t\t<a href='https:\/\/hudbasvetazilina.sk\/wp-content\/uploads\/2018\/12\/IMG_9095.png'><img width=\"350\" height=\"250\" src=\"https:\/\/hudbasvetazilina.sk\/wp-content\/uploads\/2018\/12\/IMG_9095-350x250.png\" class=\"attachment-medium size-medium\" alt=\"\" loading=\"lazy\" \/><\/a>\n\t\t\t<\/div><\/figure><figure class='gallery-item'>\n\t\t\t<div class='gallery-icon landscape'>\n\t\t\t\t<a href='https:\/\/hudbasvetazilina.sk\/wp-content\/uploads\/2018\/12\/IMG_9062.png'><img width=\"350\" height=\"250\" src=\"https:\/\/hudbasvetazilina.sk\/wp-content\/uploads\/2018\/12\/IMG_9062-350x250.png\" class=\"attachment-medium size-medium\" alt=\"\" loading=\"lazy\" \/><\/a>\n\t\t\t<\/div><\/figure><figure class='gallery-item'>\n\t\t\t<div class='gallery-icon landscape'>\n\t\t\t\t<a href='https:\/\/hudbasvetazilina.sk\/wp-content\/uploads\/2018\/12\/IMG_9051.png'><img width=\"350\" height=\"250\" src=\"https:\/\/hudbasvetazilina.sk\/wp-content\/uploads\/2018\/12\/IMG_9051-350x250.png\" class=\"attachment-medium size-medium\" alt=\"\" loading=\"lazy\" \/><\/a>\n\t\t\t<\/div><\/figure><figure class='gallery-item'>\n\t\t\t<div class='gallery-icon landscape'>\n\t\t\t\t<a href='https:\/\/hudbasvetazilina.sk\/wp-content\/uploads\/2018\/12\/IMG_9046.png'><img width=\"350\" height=\"250\" src=\"https:\/\/hudbasvetazilina.sk\/wp-content\/uploads\/2018\/12\/IMG_9046-350x250.png\" class=\"attachment-medium size-medium\" alt=\"\" loading=\"lazy\" \/><\/a>\n\t\t\t<\/div><\/figure><figure class='gallery-item'>\n\t\t\t<div class='gallery-icon landscape'>\n\t\t\t\t<a href='https:\/\/hudbasvetazilina.sk\/wp-content\/uploads\/2018\/12\/IMG_8940.png'><img width=\"350\" height=\"250\" src=\"https:\/\/hudbasvetazilina.sk\/wp-content\/uploads\/2018\/12\/IMG_8940-350x250.png\" class=\"attachment-medium size-medium\" alt=\"\" loading=\"lazy\" \/><\/a>\n\t\t\t<\/div><\/figure><figure class='gallery-item'>\n\t\t\t<div class='gallery-icon landscape'>\n\t\t\t\t<a href='https:\/\/hudbasvetazilina.sk\/wp-content\/uploads\/2018\/12\/IMG_8936.png'><img width=\"350\" height=\"250\" src=\"https:\/\/hudbasvetazilina.sk\/wp-content\/uploads\/2018\/12\/IMG_8936-350x250.png\" class=\"attachment-medium size-medium\" alt=\"\" loading=\"lazy\" \/><\/a>\n\t\t\t<\/div><\/figure><figure class='gallery-item'>\n\t\t\t<div class='gallery-icon landscape'>\n\t\t\t\t<a href='https:\/\/hudbasvetazilina.sk\/wp-content\/uploads\/2018\/12\/IMG_8931.png'><img width=\"350\" height=\"250\" src=\"https:\/\/hudbasvetazilina.sk\/wp-content\/uploads\/2018\/12\/IMG_8931-350x250.png\" class=\"attachment-medium size-medium\" alt=\"\" loading=\"lazy\" \/><\/a>\n\t\t\t<\/div><\/figure><figure class='gallery-item'>\n\t\t\t<div class='gallery-icon landscape'>\n\t\t\t\t<a href='https:\/\/hudbasvetazilina.sk\/wp-content\/uploads\/2018\/12\/IMG_8866.png'><img width=\"350\" height=\"250\" src=\"https:\/\/hudbasvetazilina.sk\/wp-content\/uploads\/2018\/12\/IMG_8866-350x250.png\" class=\"attachment-medium size-medium\" alt=\"\" loading=\"lazy\" \/><\/a>\n\t\t\t<\/div><\/figure><figure class='gallery-item'>\n\t\t\t<div class='gallery-icon landscape'>\n\t\t\t\t<a href='https:\/\/hudbasvetazilina.sk\/wp-content\/uploads\/2018\/12\/IMG_8848.png'><img width=\"350\" height=\"250\" src=\"https:\/\/hudbasvetazilina.sk\/wp-content\/uploads\/2018\/12\/IMG_8848-350x250.png\" class=\"attachment-medium size-medium\" alt=\"\" loading=\"lazy\" \/><\/a>\n\t\t\t<\/div><\/figure><figure class='gallery-item'>\n\t\t\t<div class='gallery-icon landscape'>\n\t\t\t\t<a href='https:\/\/hudbasvetazilina.sk\/wp-content\/uploads\/2018\/12\/IMG_9755.png'><img width=\"350\" height=\"250\" src=\"https:\/\/hudbasvetazilina.sk\/wp-content\/uploads\/2018\/12\/IMG_9755-350x250.png\" class=\"attachment-medium size-medium\" alt=\"\" loading=\"lazy\" \/><\/a>\n\t\t\t<\/div><\/figure><figure class='gallery-item'>\n\t\t\t<div class='gallery-icon landscape'>\n\t\t\t\t<a href='https:\/\/hudbasvetazilina.sk\/wp-content\/uploads\/2018\/12\/IMG_9923.png'><img width=\"350\" height=\"250\" src=\"https:\/\/hudbasvetazilina.sk\/wp-content\/uploads\/2018\/12\/IMG_9923-350x250.png\" class=\"attachment-medium size-medium\" alt=\"\" loading=\"lazy\" \/><\/a>\n\t\t\t<\/div><\/figure><figure class='gallery-item'>\n\t\t\t<div class='gallery-icon landscape'>\n\t\t\t\t<a href='https:\/\/hudbasvetazilina.sk\/wp-content\/uploads\/2018\/12\/IMG_9732.png'><img width=\"350\" height=\"250\" src=\"https:\/\/hudbasvetazilina.sk\/wp-content\/uploads\/2018\/12\/IMG_9732-350x250.png\" class=\"attachment-medium size-medium\" alt=\"\" loading=\"lazy\" \/><\/a>\n\t\t\t<\/div><\/figure><figure class='gallery-item'>\n\t\t\t<div class='gallery-icon landscape'>\n\t\t\t\t<a href='https:\/\/hudbasvetazilina.sk\/wp-content\/uploads\/2018\/12\/IMG_0207.png'><img width=\"350\" height=\"250\" src=\"https:\/\/hudbasvetazilina.sk\/wp-content\/uploads\/2018\/12\/IMG_0207-350x250.png\" class=\"attachment-medium size-medium\" alt=\"\" loading=\"lazy\" \/><\/a>\n\t\t\t<\/div><\/figure><figure class='gallery-item'>\n\t\t\t<div class='gallery-icon landscape'>\n\t\t\t\t<a href='https:\/\/hudbasvetazilina.sk\/wp-content\/uploads\/2018\/12\/IMG_0341.png'><img width=\"350\" height=\"250\" src=\"https:\/\/hudbasvetazilina.sk\/wp-content\/uploads\/2018\/12\/IMG_0341-350x250.png\" class=\"attachment-medium size-medium\" alt=\"\" loading=\"lazy\" \/><\/a>\n\t\t\t<\/div><\/figure><figure class='gallery-item'>\n\t\t\t<div class='gallery-icon landscape'>\n\t\t\t\t<a href='https:\/\/hudbasvetazilina.sk\/wp-content\/uploads\/2018\/12\/IMG_0009.png'><img width=\"350\" height=\"250\" src=\"https:\/\/hudbasvetazilina.sk\/wp-content\/uploads\/2018\/12\/IMG_0009-350x250.png\" class=\"attachment-medium size-medium\" alt=\"\" loading=\"lazy\" \/><\/a>\n\t\t\t<\/div><\/figure><figure class='gallery-item'>\n\t\t\t<div class='gallery-icon landscape'>\n\t\t\t\t<a href='https:\/\/hudbasvetazilina.sk\/wp-content\/uploads\/2018\/12\/IMG_0417.png'><img width=\"350\" height=\"250\" src=\"https:\/\/hudbasvetazilina.sk\/wp-content\/uploads\/2018\/12\/IMG_0417-350x250.png\" class=\"attachment-medium size-medium\" alt=\"\" loading=\"lazy\" \/><\/a>\n\t\t\t<\/div><\/figure><figure class='gallery-item'>\n\t\t\t<div class='gallery-icon landscape'>\n\t\t\t\t<a href='https:\/\/hudbasvetazilina.sk\/wp-content\/uploads\/2018\/12\/IMG_0404.png'><img width=\"350\" height=\"250\" src=\"https:\/\/hudbasvetazilina.sk\/wp-content\/uploads\/2018\/12\/IMG_0404-350x250.png\" class=\"attachment-medium size-medium\" alt=\"\" loading=\"lazy\" \/><\/a>\n\t\t\t<\/div><\/figure>\n\t\t<\/div>\n<\/p>","protected":false},"excerpt":{"rendered":"<p>Fotogal\u00e9ria<\/p>\n","protected":false},"author":2,"featured_media":0,"parent":0,"menu_order":8,"comment_status":"closed","ping_status":"closed","template":"fullwidth.php","meta":[],"yoast_head":"<!-- This site is optimized with the Yoast SEO plugin v15.1.1 - https:\/\/yoast.com\/wordpress\/plugins\/seo\/ -->\n<title>Ro\u010dn\u00edk 2018 - Hudba sveta \u017dilina<\/title>\n<meta name=\"robots\" content=\"index, follow, max-snippet:-1, max-image-preview:large, max-video-preview:-1\" \/>\n<link rel=\"canonical\" href=\"https:\/\/hudbasvetazilina.sk\/sk\/rocnik-2018\/\" \/>\n<meta property=\"og:locale\" content=\"sk_SK\" \/>\n<meta property=\"og:type\" content=\"article\" \/>\n<meta property=\"og:title\" content=\"Ro\u010dn\u00edk 2018 - Hudba sveta \u017dilina\" \/>\n<meta property=\"og:description\" content=\"Fotogal\u00e9ria\" \/>\n<meta property=\"og:url\" content=\"https:\/\/hudbasvetazilina.sk\/sk\/rocnik-2018\/\" \/>\n<meta property=\"og:site_name\" content=\"Hudba sveta \u017dilina\" \/>\n<meta property=\"article:publisher\" content=\"https:\/\/www.facebook.com\/hudbasvetazilina\/\" \/>\n<meta property=\"article:modified_time\" content=\"2019-02-21T12:32:07+00:00\" \/>\n<meta property=\"og:image\" content=\"https:\/\/hudbasvetazilina.sk\/wp-content\/uploads\/2019\/02\/A1-page-001-350x250.jpg\" \/>\n<meta name=\"twitter:card\" content=\"summary_large_image\" \/>\n<script type=\"application\/ld+json\" class=\"yoast-schema-graph\">{\"@context\":\"https:\/\/schema.org\",\"@graph\":[{\"@type\":\"Organization\",\"@id\":\"https:\/\/hudbasvetazilina.sk\/sk\/#organization\",\"name\":\"Hudba sveta \\u017dilina\",\"url\":\"https:\/\/hudbasvetazilina.sk\/sk\/\",\"sameAs\":[\"https:\/\/www.facebook.com\/hudbasvetazilina\/\"],\"logo\":{\"@type\":\"ImageObject\",\"@id\":\"https:\/\/hudbasvetazilina.sk\/sk\/#logo\",\"inLanguage\":\"sk-SK\",\"url\":\"https:\/\/hudbasvetazilina.sk\/wp-content\/uploads\/2024\/09\/hudba_sveta_logo.jpg\",\"width\":1080,\"height\":555,\"caption\":\"Hudba sveta \\u017dilina\"},\"image\":{\"@id\":\"https:\/\/hudbasvetazilina.sk\/sk\/#logo\"}},{\"@type\":\"WebSite\",\"@id\":\"https:\/\/hudbasvetazilina.sk\/sk\/#website\",\"url\":\"https:\/\/hudbasvetazilina.sk\/sk\/\",\"name\":\"Hudba sveta \\u017dilina\",\"description\":\"9. - 10. Okt\\u00f3ber 2025\",\"publisher\":{\"@id\":\"https:\/\/hudbasvetazilina.sk\/sk\/#organization\"},\"potentialAction\":[{\"@type\":\"SearchAction\",\"target\":\"https:\/\/hudbasvetazilina.sk\/sk\/?s={search_term_string}\",\"query-input\":\"required name=search_term_string\"}],\"inLanguage\":\"sk-SK\"},{\"@type\":\"WebPage\",\"@id\":\"https:\/\/hudbasvetazilina.sk\/sk\/rocnik-2018\/#webpage\",\"url\":\"https:\/\/hudbasvetazilina.sk\/sk\/rocnik-2018\/\",\"name\":\"Ro\\u010dn\\u00edk 2018 - Hudba sveta \\u017dilina\",\"isPartOf\":{\"@id\":\"https:\/\/hudbasvetazilina.sk\/sk\/#website\"},\"datePublished\":\"2018-12-20T09:16:25+00:00\",\"dateModified\":\"2019-02-21T12:32:07+00:00\",\"inLanguage\":\"sk-SK\",\"potentialAction\":[{\"@type\":\"ReadAction\",\"target\":[[\"https:\/\/hudbasvetazilina.sk\/sk\/rocnik-2018\/\"]]}]}]}<\/script>\n<!-- \/ Yoast SEO plugin. -->","_links":{"self":[{"href":"https:\/\/hudbasvetazilina.sk\/sk\/wp-json\/wp\/v2\/pages\/180"}],"collection":[{"href":"https:\/\/hudbasvetazilina.sk\/sk\/wp-json\/wp\/v2\/pages"}],"about":[{"href":"https:\/\/hudbasvetazilina.sk\/sk\/wp-json\/wp\/v2\/types\/page"}],"author":[{"embeddable":true,"href":"https:\/\/hudbasvetazilina.sk\/sk\/wp-json\/wp\/v2\/users\/2"}],"replies":[{"embeddable":true,"href":"https:\/\/hudbasvetazilina.sk\/sk\/wp-json\/wp\/v2\/comments?post=180"}],"version-history":[{"count":12,"href":"https:\/\/hudbasvetazilina.sk\/sk\/wp-json\/wp\/v2\/pages\/180\/revisions"}],"predecessor-version":[{"id":269,"href":"https:\/\/hudbasvetazilina.sk\/sk\/wp-json\/wp\/v2\/pages\/180\/revisions\/269"}],"wp:attachment":[{"href":"https:\/\/hudbasvetazilina.sk\/sk\/wp-json\/wp\/v2\/media?parent=180"}],"curies":[{"name":"wp","href":"https:\/\/api.w.org\/{rel}","templated":true}]}}