{"id":112,"date":"2018-12-16T21:40:04","date_gmt":"2018-12-16T20:40:04","guid":{"rendered":"https:\/\/hudbasvetazilina.sk\/?page_id=112"},"modified":"2018-12-20T10:34:37","modified_gmt":"2018-12-20T09:34:37","slug":"rocnik-2017","status":"publish","type":"page","link":"https:\/\/hudbasvetazilina.sk\/sk\/rocnik-2017\/","title":{"rendered":"Ro\u010dn\u00edk 2017"},"content":{"rendered":"<p><a href=\"https:\/\/hudbasvetazilina.sk\/wp-content\/uploads\/2018\/12\/2017.jpg\"><img loading=\"lazy\" src=\"https:\/\/hudbasvetazilina.sk\/wp-content\/uploads\/2018\/12\/2017.jpg\" alt=\"\" width=\"552\" height=\"755\" class=\"aligncenter size-full wp-image-145\" srcset=\"https:\/\/hudbasvetazilina.sk\/wp-content\/uploads\/2018\/12\/2017.jpg 552w, https:\/\/hudbasvetazilina.sk\/wp-content\/uploads\/2018\/12\/2017-250x342.jpg 250w\" sizes=\"(max-width: 552px) 100vw, 552px\" \/><\/a><br \/>\n<iframe width=\"1062\" height=\"622\" src=\"https:\/\/www.youtube.com\/embed\/01EQ56cEL_M\" frameborder=\"0\" allow=\"accelerometer; autoplay; encrypted-media; gyroscope; picture-in-picture\" allowfullscreen><\/iframe><\/p>\n<h2 style=\"text-align: center;\">Fotogal\u00e9ria<\/h2>\n<p><div id='gallery-1' class='gallery galleryid-112 gallery-columns-3 gallery-size-medium'><figure class='gallery-item'>\n\t\t\t<div class='gallery-icon landscape'>\n\t\t\t\t<a href='https:\/\/hudbasvetazilina.sk\/wp-content\/uploads\/2018\/12\/a1.jpg'><img width=\"350\" height=\"250\" src=\"https:\/\/hudbasvetazilina.sk\/wp-content\/uploads\/2018\/12\/a1-350x250.jpg\" class=\"attachment-medium size-medium\" alt=\"\" loading=\"lazy\" \/><\/a>\n\t\t\t<\/div><\/figure><figure class='gallery-item'>\n\t\t\t<div class='gallery-icon landscape'>\n\t\t\t\t<a href='https:\/\/hudbasvetazilina.sk\/wp-content\/uploads\/2018\/12\/a2.jpg'><img width=\"350\" height=\"250\" src=\"https:\/\/hudbasvetazilina.sk\/wp-content\/uploads\/2018\/12\/a2-350x250.jpg\" class=\"attachment-medium size-medium\" alt=\"\" loading=\"lazy\" \/><\/a>\n\t\t\t<\/div><\/figure><figure class='gallery-item'>\n\t\t\t<div class='gallery-icon landscape'>\n\t\t\t\t<a href='https:\/\/hudbasvetazilina.sk\/wp-content\/uploads\/2018\/12\/a3.jpg'><img width=\"350\" height=\"250\" src=\"https:\/\/hudbasvetazilina.sk\/wp-content\/uploads\/2018\/12\/a3-350x250.jpg\" class=\"attachment-medium size-medium\" alt=\"\" loading=\"lazy\" \/><\/a>\n\t\t\t<\/div><\/figure><figure class='gallery-item'>\n\t\t\t<div class='gallery-icon landscape'>\n\t\t\t\t<a href='https:\/\/hudbasvetazilina.sk\/wp-content\/uploads\/2018\/12\/a4.jpg'><img width=\"350\" height=\"250\" src=\"https:\/\/hudbasvetazilina.sk\/wp-content\/uploads\/2018\/12\/a4-350x250.jpg\" class=\"attachment-medium size-medium\" alt=\"\" loading=\"lazy\" \/><\/a>\n\t\t\t<\/div><\/figure><figure class='gallery-item'>\n\t\t\t<div class='gallery-icon landscape'>\n\t\t\t\t<a href='https:\/\/hudbasvetazilina.sk\/wp-content\/uploads\/2018\/12\/a5.jpg'><img width=\"350\" height=\"250\" src=\"https:\/\/hudbasvetazilina.sk\/wp-content\/uploads\/2018\/12\/a5-350x250.jpg\" class=\"attachment-medium size-medium\" alt=\"\" loading=\"lazy\" \/><\/a>\n\t\t\t<\/div><\/figure><figure class='gallery-item'>\n\t\t\t<div class='gallery-icon landscape'>\n\t\t\t\t<a href='https:\/\/hudbasvetazilina.sk\/wp-content\/uploads\/2018\/12\/a6.jpg'><img width=\"350\" height=\"250\" src=\"https:\/\/hudbasvetazilina.sk\/wp-content\/uploads\/2018\/12\/a6-350x250.jpg\" class=\"attachment-medium size-medium\" alt=\"\" loading=\"lazy\" \/><\/a>\n\t\t\t<\/div><\/figure><figure class='gallery-item'>\n\t\t\t<div class='gallery-icon landscape'>\n\t\t\t\t<a href='https:\/\/hudbasvetazilina.sk\/wp-content\/uploads\/2018\/12\/a7.jpg'><img width=\"350\" height=\"250\" src=\"https:\/\/hudbasvetazilina.sk\/wp-content\/uploads\/2018\/12\/a7-350x250.jpg\" class=\"attachment-medium size-medium\" alt=\"\" loading=\"lazy\" \/><\/a>\n\t\t\t<\/div><\/figure><figure class='gallery-item'>\n\t\t\t<div class='gallery-icon landscape'>\n\t\t\t\t<a href='https:\/\/hudbasvetazilina.sk\/wp-content\/uploads\/2018\/12\/a8.jpg'><img width=\"350\" height=\"250\" src=\"https:\/\/hudbasvetazilina.sk\/wp-content\/uploads\/2018\/12\/a8-350x250.jpg\" class=\"attachment-medium size-medium\" alt=\"\" loading=\"lazy\" \/><\/a>\n\t\t\t<\/div><\/figure><figure class='gallery-item'>\n\t\t\t<div class='gallery-icon landscape'>\n\t\t\t\t<a href='https:\/\/hudbasvetazilina.sk\/wp-content\/uploads\/2018\/12\/a9.jpg'><img width=\"350\" height=\"250\" src=\"https:\/\/hudbasvetazilina.sk\/wp-content\/uploads\/2018\/12\/a9-350x250.jpg\" class=\"attachment-medium size-medium\" alt=\"\" loading=\"lazy\" \/><\/a>\n\t\t\t<\/div><\/figure><figure class='gallery-item'>\n\t\t\t<div class='gallery-icon landscape'>\n\t\t\t\t<a href='https:\/\/hudbasvetazilina.sk\/wp-content\/uploads\/2018\/12\/a10.jpg'><img width=\"350\" height=\"250\" src=\"https:\/\/hudbasvetazilina.sk\/wp-content\/uploads\/2018\/12\/a10-350x250.jpg\" class=\"attachment-medium size-medium\" alt=\"\" loading=\"lazy\" \/><\/a>\n\t\t\t<\/div><\/figure><figure class='gallery-item'>\n\t\t\t<div class='gallery-icon landscape'>\n\t\t\t\t<a href='https:\/\/hudbasvetazilina.sk\/wp-content\/uploads\/2018\/12\/a11.jpg'><img width=\"350\" height=\"250\" src=\"https:\/\/hudbasvetazilina.sk\/wp-content\/uploads\/2018\/12\/a11-350x250.jpg\" class=\"attachment-medium size-medium\" alt=\"\" loading=\"lazy\" \/><\/a>\n\t\t\t<\/div><\/figure><figure class='gallery-item'>\n\t\t\t<div class='gallery-icon landscape'>\n\t\t\t\t<a href='https:\/\/hudbasvetazilina.sk\/wp-content\/uploads\/2018\/12\/a12.jpg'><img width=\"350\" height=\"250\" src=\"https:\/\/hudbasvetazilina.sk\/wp-content\/uploads\/2018\/12\/a12-350x250.jpg\" class=\"attachment-medium size-medium\" alt=\"\" loading=\"lazy\" \/><\/a>\n\t\t\t<\/div><\/figure><figure class='gallery-item'>\n\t\t\t<div class='gallery-icon landscape'>\n\t\t\t\t<a href='https:\/\/hudbasvetazilina.sk\/wp-content\/uploads\/2018\/12\/a13.jpg'><img width=\"350\" height=\"250\" src=\"https:\/\/hudbasvetazilina.sk\/wp-content\/uploads\/2018\/12\/a13-350x250.jpg\" class=\"attachment-medium size-medium\" alt=\"\" loading=\"lazy\" \/><\/a>\n\t\t\t<\/div><\/figure><figure class='gallery-item'>\n\t\t\t<div class='gallery-icon landscape'>\n\t\t\t\t<a href='https:\/\/hudbasvetazilina.sk\/wp-content\/uploads\/2018\/12\/a14.jpg'><img width=\"350\" height=\"250\" src=\"https:\/\/hudbasvetazilina.sk\/wp-content\/uploads\/2018\/12\/a14-350x250.jpg\" class=\"attachment-medium size-medium\" alt=\"\" loading=\"lazy\" \/><\/a>\n\t\t\t<\/div><\/figure><figure class='gallery-item'>\n\t\t\t<div class='gallery-icon landscape'>\n\t\t\t\t<a href='https:\/\/hudbasvetazilina.sk\/wp-content\/uploads\/2018\/12\/a15.jpg'><img width=\"350\" height=\"250\" src=\"https:\/\/hudbasvetazilina.sk\/wp-content\/uploads\/2018\/12\/a15-350x250.jpg\" class=\"attachment-medium size-medium\" alt=\"\" loading=\"lazy\" \/><\/a>\n\t\t\t<\/div><\/figure>\n\t\t<\/div>\n<\/p>","protected":false},"excerpt":{"rendered":"<p>Fotogal\u00e9ria<\/p>\n","protected":false},"author":1,"featured_media":0,"parent":0,"menu_order":11,"comment_status":"closed","ping_status":"closed","template":"fullwidth.php","meta":[],"yoast_head":"<!-- This site is optimized with the Yoast SEO plugin v15.1.1 - https:\/\/yoast.com\/wordpress\/plugins\/seo\/ -->\n<title>Ro\u010dn\u00edk 2017 - Hudba sveta \u017dilina<\/title>\n<meta name=\"robots\" content=\"index, follow, max-snippet:-1, max-image-preview:large, max-video-preview:-1\" \/>\n<link rel=\"canonical\" href=\"https:\/\/hudbasvetazilina.sk\/sk\/rocnik-2017\/\" \/>\n<meta property=\"og:locale\" content=\"sk_SK\" \/>\n<meta property=\"og:type\" content=\"article\" \/>\n<meta property=\"og:title\" content=\"Ro\u010dn\u00edk 2017 - Hudba sveta \u017dilina\" \/>\n<meta property=\"og:description\" content=\"Fotogal\u00e9ria\" \/>\n<meta property=\"og:url\" content=\"https:\/\/hudbasvetazilina.sk\/sk\/rocnik-2017\/\" \/>\n<meta property=\"og:site_name\" content=\"Hudba sveta \u017dilina\" \/>\n<meta property=\"article:publisher\" content=\"https:\/\/www.facebook.com\/hudbasvetazilina\/\" \/>\n<meta property=\"article:modified_time\" content=\"2018-12-20T09:34:37+00:00\" \/>\n<meta property=\"og:image\" content=\"https:\/\/hudbasvetazilina.sk\/wp-content\/uploads\/2018\/12\/a1-350x250.jpg\" \/>\n<meta name=\"twitter:card\" content=\"summary_large_image\" \/>\n<script type=\"application\/ld+json\" class=\"yoast-schema-graph\">{\"@context\":\"https:\/\/schema.org\",\"@graph\":[{\"@type\":\"Organization\",\"@id\":\"https:\/\/hudbasvetazilina.sk\/sk\/#organization\",\"name\":\"Hudba sveta \\u017dilina\",\"url\":\"https:\/\/hudbasvetazilina.sk\/sk\/\",\"sameAs\":[\"https:\/\/www.facebook.com\/hudbasvetazilina\/\"],\"logo\":{\"@type\":\"ImageObject\",\"@id\":\"https:\/\/hudbasvetazilina.sk\/sk\/#logo\",\"inLanguage\":\"sk-SK\",\"url\":\"https:\/\/hudbasvetazilina.sk\/wp-content\/uploads\/2024\/09\/hudba_sveta_logo.jpg\",\"width\":1080,\"height\":555,\"caption\":\"Hudba sveta \\u017dilina\"},\"image\":{\"@id\":\"https:\/\/hudbasvetazilina.sk\/sk\/#logo\"}},{\"@type\":\"WebSite\",\"@id\":\"https:\/\/hudbasvetazilina.sk\/sk\/#website\",\"url\":\"https:\/\/hudbasvetazilina.sk\/sk\/\",\"name\":\"Hudba sveta \\u017dilina\",\"description\":\"9. - 10. Okt\\u00f3ber 2025\",\"publisher\":{\"@id\":\"https:\/\/hudbasvetazilina.sk\/sk\/#organization\"},\"potentialAction\":[{\"@type\":\"SearchAction\",\"target\":\"https:\/\/hudbasvetazilina.sk\/sk\/?s={search_term_string}\",\"query-input\":\"required name=search_term_string\"}],\"inLanguage\":\"sk-SK\"},{\"@type\":\"ImageObject\",\"@id\":\"https:\/\/hudbasvetazilina.sk\/sk\/rocnik-2017\/#primaryimage\",\"inLanguage\":\"sk-SK\",\"url\":\"https:\/\/hudbasvetazilina.sk\/wp-content\/uploads\/2018\/12\/2017.jpg\"},{\"@type\":\"WebPage\",\"@id\":\"https:\/\/hudbasvetazilina.sk\/sk\/rocnik-2017\/#webpage\",\"url\":\"https:\/\/hudbasvetazilina.sk\/sk\/rocnik-2017\/\",\"name\":\"Ro\\u010dn\\u00edk 2017 - Hudba sveta \\u017dilina\",\"isPartOf\":{\"@id\":\"https:\/\/hudbasvetazilina.sk\/sk\/#website\"},\"primaryImageOfPage\":{\"@id\":\"https:\/\/hudbasvetazilina.sk\/sk\/rocnik-2017\/#primaryimage\"},\"datePublished\":\"2018-12-16T20:40:04+00:00\",\"dateModified\":\"2018-12-20T09:34:37+00:00\",\"inLanguage\":\"sk-SK\",\"potentialAction\":[{\"@type\":\"ReadAction\",\"target\":[[\"https:\/\/hudbasvetazilina.sk\/sk\/rocnik-2017\/\"]]}]}]}<\/script>\n<!-- \/ Yoast SEO plugin. -->","_links":{"self":[{"href":"https:\/\/hudbasvetazilina.sk\/sk\/wp-json\/wp\/v2\/pages\/112"}],"collection":[{"href":"https:\/\/hudbasvetazilina.sk\/sk\/wp-json\/wp\/v2\/pages"}],"about":[{"href":"https:\/\/hudbasvetazilina.sk\/sk\/wp-json\/wp\/v2\/types\/page"}],"author":[{"embeddable":true,"href":"https:\/\/hudbasvetazilina.sk\/sk\/wp-json\/wp\/v2\/users\/1"}],"replies":[{"embeddable":true,"href":"https:\/\/hudbasvetazilina.sk\/sk\/wp-json\/wp\/v2\/comments?post=112"}],"version-history":[{"count":3,"href":"https:\/\/hudbasvetazilina.sk\/sk\/wp-json\/wp\/v2\/pages\/112\/revisions"}],"predecessor-version":[{"id":213,"href":"https:\/\/hudbasvetazilina.sk\/sk\/wp-json\/wp\/v2\/pages\/112\/revisions\/213"}],"wp:attachment":[{"href":"https:\/\/hudbasvetazilina.sk\/sk\/wp-json\/wp\/v2\/media?parent=112"}],"curies":[{"name":"wp","href":"https:\/\/api.w.org\/{rel}","templated":true}]}}