{"id":107,"date":"2018-12-16T21:33:35","date_gmt":"2018-12-16T20:33:35","guid":{"rendered":"https:\/\/hudbasvetazilina.sk\/?page_id=107"},"modified":"2018-12-20T10:33:44","modified_gmt":"2018-12-20T09:33:44","slug":"rocnik-2015","status":"publish","type":"page","link":"https:\/\/hudbasvetazilina.sk\/sk\/rocnik-2015\/","title":{"rendered":"Ro\u010dn\u00edk 2015"},"content":{"rendered":"<p><a href=\"https:\/\/hudbasvetazilina.sk\/wp-content\/uploads\/2018\/12\/2015.png\"><img loading=\"lazy\" class=\"aligncenter size-large wp-image-116\" src=\"https:\/\/hudbasvetazilina.sk\/wp-content\/uploads\/2018\/12\/2015-700x480.png\" alt=\"\" width=\"700\" height=\"480\" srcset=\"https:\/\/hudbasvetazilina.sk\/wp-content\/uploads\/2018\/12\/2015-700x480.png 700w, https:\/\/hudbasvetazilina.sk\/wp-content\/uploads\/2018\/12\/2015-768x526.png 768w, https:\/\/hudbasvetazilina.sk\/wp-content\/uploads\/2018\/12\/2015-250x171.png 250w, https:\/\/hudbasvetazilina.sk\/wp-content\/uploads\/2018\/12\/2015-800x548.png 800w, https:\/\/hudbasvetazilina.sk\/wp-content\/uploads\/2018\/12\/2015.png 1102w\" sizes=\"(max-width: 700px) 100vw, 700px\" \/><\/a><\/p>\n<div style=\"width: 1920px;\" class=\"wp-video\"><!--[if lt IE 9]><script>document.createElement('video');<\/script><![endif]-->\n<video class=\"wp-video-shortcode\" id=\"video-107-1\" width=\"1920\" height=\"1080\" preload=\"metadata\" controls=\"controls\"><source type=\"video\/mp4\" src=\"https:\/\/hudbasvetazilina.sk\/wp-content\/uploads\/2018\/12\/video2015.mp4?_=1\" \/><a href=\"https:\/\/hudbasvetazilina.sk\/wp-content\/uploads\/2018\/12\/video2015.mp4\">https:\/\/hudbasvetazilina.sk\/wp-content\/uploads\/2018\/12\/video2015.mp4<\/a><\/video><\/div>\n<h2 style=\"text-align: center;\">Fotogal\u00e9ria<\/h2>\n<p><div id='gallery-1' class='gallery galleryid-107 gallery-columns-3 gallery-size-medium'><figure class='gallery-item'>\n\t\t\t<div class='gallery-icon landscape'>\n\t\t\t\t<a href='https:\/\/hudbasvetazilina.sk\/wp-content\/uploads\/2018\/12\/c1.jpg'><img width=\"350\" height=\"250\" src=\"https:\/\/hudbasvetazilina.sk\/wp-content\/uploads\/2018\/12\/c1-350x250.jpg\" class=\"attachment-medium size-medium\" alt=\"\" loading=\"lazy\" \/><\/a>\n\t\t\t<\/div><\/figure><figure class='gallery-item'>\n\t\t\t<div class='gallery-icon landscape'>\n\t\t\t\t<a href='https:\/\/hudbasvetazilina.sk\/wp-content\/uploads\/2018\/12\/c2.jpg'><img width=\"350\" height=\"250\" src=\"https:\/\/hudbasvetazilina.sk\/wp-content\/uploads\/2018\/12\/c2-350x250.jpg\" class=\"attachment-medium size-medium\" alt=\"\" loading=\"lazy\" \/><\/a>\n\t\t\t<\/div><\/figure><figure class='gallery-item'>\n\t\t\t<div class='gallery-icon landscape'>\n\t\t\t\t<a href='https:\/\/hudbasvetazilina.sk\/wp-content\/uploads\/2018\/12\/c3.jpg'><img width=\"350\" height=\"250\" src=\"https:\/\/hudbasvetazilina.sk\/wp-content\/uploads\/2018\/12\/c3-350x250.jpg\" class=\"attachment-medium size-medium\" alt=\"\" loading=\"lazy\" \/><\/a>\n\t\t\t<\/div><\/figure><figure class='gallery-item'>\n\t\t\t<div class='gallery-icon landscape'>\n\t\t\t\t<a href='https:\/\/hudbasvetazilina.sk\/wp-content\/uploads\/2018\/12\/c4.jpg'><img width=\"350\" height=\"250\" src=\"https:\/\/hudbasvetazilina.sk\/wp-content\/uploads\/2018\/12\/c4-350x250.jpg\" class=\"attachment-medium size-medium\" alt=\"\" loading=\"lazy\" \/><\/a>\n\t\t\t<\/div><\/figure><figure class='gallery-item'>\n\t\t\t<div class='gallery-icon landscape'>\n\t\t\t\t<a href='https:\/\/hudbasvetazilina.sk\/wp-content\/uploads\/2018\/12\/c5.jpg'><img width=\"350\" height=\"250\" src=\"https:\/\/hudbasvetazilina.sk\/wp-content\/uploads\/2018\/12\/c5-350x250.jpg\" class=\"attachment-medium size-medium\" alt=\"\" loading=\"lazy\" \/><\/a>\n\t\t\t<\/div><\/figure><figure class='gallery-item'>\n\t\t\t<div class='gallery-icon landscape'>\n\t\t\t\t<a href='https:\/\/hudbasvetazilina.sk\/wp-content\/uploads\/2018\/12\/c6.jpg'><img width=\"350\" height=\"250\" src=\"https:\/\/hudbasvetazilina.sk\/wp-content\/uploads\/2018\/12\/c6-350x250.jpg\" class=\"attachment-medium size-medium\" alt=\"\" loading=\"lazy\" \/><\/a>\n\t\t\t<\/div><\/figure><figure class='gallery-item'>\n\t\t\t<div class='gallery-icon landscape'>\n\t\t\t\t<a href='https:\/\/hudbasvetazilina.sk\/wp-content\/uploads\/2018\/12\/c7.jpg'><img width=\"350\" height=\"250\" src=\"https:\/\/hudbasvetazilina.sk\/wp-content\/uploads\/2018\/12\/c7-350x250.jpg\" class=\"attachment-medium size-medium\" alt=\"\" loading=\"lazy\" \/><\/a>\n\t\t\t<\/div><\/figure><figure class='gallery-item'>\n\t\t\t<div class='gallery-icon landscape'>\n\t\t\t\t<a href='https:\/\/hudbasvetazilina.sk\/wp-content\/uploads\/2018\/12\/c8.jpg'><img width=\"350\" height=\"250\" src=\"https:\/\/hudbasvetazilina.sk\/wp-content\/uploads\/2018\/12\/c8-350x250.jpg\" class=\"attachment-medium size-medium\" alt=\"\" loading=\"lazy\" \/><\/a>\n\t\t\t<\/div><\/figure><figure class='gallery-item'>\n\t\t\t<div class='gallery-icon landscape'>\n\t\t\t\t<a href='https:\/\/hudbasvetazilina.sk\/wp-content\/uploads\/2018\/12\/c9.jpg'><img width=\"350\" height=\"250\" src=\"https:\/\/hudbasvetazilina.sk\/wp-content\/uploads\/2018\/12\/c9-350x250.jpg\" class=\"attachment-medium size-medium\" alt=\"\" loading=\"lazy\" \/><\/a>\n\t\t\t<\/div><\/figure>\n\t\t<\/div>\n<\/p>","protected":false},"excerpt":{"rendered":"<p>Fotogal\u00e9ria<\/p>\n","protected":false},"author":1,"featured_media":0,"parent":0,"menu_order":9,"comment_status":"closed","ping_status":"closed","template":"fullwidth.php","meta":[],"yoast_head":"<!-- This site is optimized with the Yoast SEO plugin v15.1.1 - https:\/\/yoast.com\/wordpress\/plugins\/seo\/ -->\n<title>Ro\u010dn\u00edk 2015 - Hudba sveta \u017dilina<\/title>\n<meta name=\"robots\" content=\"index, follow, max-snippet:-1, max-image-preview:large, max-video-preview:-1\" \/>\n<link rel=\"canonical\" href=\"https:\/\/hudbasvetazilina.sk\/sk\/rocnik-2015\/\" \/>\n<meta property=\"og:locale\" content=\"sk_SK\" \/>\n<meta property=\"og:type\" content=\"article\" \/>\n<meta property=\"og:title\" content=\"Ro\u010dn\u00edk 2015 - Hudba sveta \u017dilina\" \/>\n<meta property=\"og:description\" content=\"Fotogal\u00e9ria\" \/>\n<meta property=\"og:url\" content=\"https:\/\/hudbasvetazilina.sk\/sk\/rocnik-2015\/\" \/>\n<meta property=\"og:site_name\" content=\"Hudba sveta \u017dilina\" \/>\n<meta property=\"article:publisher\" content=\"https:\/\/www.facebook.com\/hudbasvetazilina\/\" \/>\n<meta property=\"article:modified_time\" content=\"2018-12-20T09:33:44+00:00\" \/>\n<meta property=\"og:image\" content=\"https:\/\/hudbasvetazilina.sk\/wp-content\/uploads\/2018\/12\/c1-350x250.jpg\" \/>\n<meta name=\"twitter:card\" content=\"summary_large_image\" \/>\n<script type=\"application\/ld+json\" class=\"yoast-schema-graph\">{\"@context\":\"https:\/\/schema.org\",\"@graph\":[{\"@type\":\"Organization\",\"@id\":\"https:\/\/hudbasvetazilina.sk\/sk\/#organization\",\"name\":\"Hudba sveta \\u017dilina\",\"url\":\"https:\/\/hudbasvetazilina.sk\/sk\/\",\"sameAs\":[\"https:\/\/www.facebook.com\/hudbasvetazilina\/\"],\"logo\":{\"@type\":\"ImageObject\",\"@id\":\"https:\/\/hudbasvetazilina.sk\/sk\/#logo\",\"inLanguage\":\"sk-SK\",\"url\":\"https:\/\/hudbasvetazilina.sk\/wp-content\/uploads\/2024\/09\/hudba_sveta_logo.jpg\",\"width\":1080,\"height\":555,\"caption\":\"Hudba sveta \\u017dilina\"},\"image\":{\"@id\":\"https:\/\/hudbasvetazilina.sk\/sk\/#logo\"}},{\"@type\":\"WebSite\",\"@id\":\"https:\/\/hudbasvetazilina.sk\/sk\/#website\",\"url\":\"https:\/\/hudbasvetazilina.sk\/sk\/\",\"name\":\"Hudba sveta \\u017dilina\",\"description\":\"9. - 10. Okt\\u00f3ber 2025\",\"publisher\":{\"@id\":\"https:\/\/hudbasvetazilina.sk\/sk\/#organization\"},\"potentialAction\":[{\"@type\":\"SearchAction\",\"target\":\"https:\/\/hudbasvetazilina.sk\/sk\/?s={search_term_string}\",\"query-input\":\"required name=search_term_string\"}],\"inLanguage\":\"sk-SK\"},{\"@type\":\"ImageObject\",\"@id\":\"https:\/\/hudbasvetazilina.sk\/sk\/rocnik-2015\/#primaryimage\",\"inLanguage\":\"sk-SK\",\"url\":\"https:\/\/hudbasvetazilina.sk\/wp-content\/uploads\/2018\/12\/2015-700x480.png\"},{\"@type\":\"WebPage\",\"@id\":\"https:\/\/hudbasvetazilina.sk\/sk\/rocnik-2015\/#webpage\",\"url\":\"https:\/\/hudbasvetazilina.sk\/sk\/rocnik-2015\/\",\"name\":\"Ro\\u010dn\\u00edk 2015 - Hudba sveta \\u017dilina\",\"isPartOf\":{\"@id\":\"https:\/\/hudbasvetazilina.sk\/sk\/#website\"},\"primaryImageOfPage\":{\"@id\":\"https:\/\/hudbasvetazilina.sk\/sk\/rocnik-2015\/#primaryimage\"},\"datePublished\":\"2018-12-16T20:33:35+00:00\",\"dateModified\":\"2018-12-20T09:33:44+00:00\",\"inLanguage\":\"sk-SK\",\"potentialAction\":[{\"@type\":\"ReadAction\",\"target\":[[\"https:\/\/hudbasvetazilina.sk\/sk\/rocnik-2015\/\"]]}]}]}<\/script>\n<!-- \/ Yoast SEO plugin. -->","_links":{"self":[{"href":"https:\/\/hudbasvetazilina.sk\/sk\/wp-json\/wp\/v2\/pages\/107"}],"collection":[{"href":"https:\/\/hudbasvetazilina.sk\/sk\/wp-json\/wp\/v2\/pages"}],"about":[{"href":"https:\/\/hudbasvetazilina.sk\/sk\/wp-json\/wp\/v2\/types\/page"}],"author":[{"embeddable":true,"href":"https:\/\/hudbasvetazilina.sk\/sk\/wp-json\/wp\/v2\/users\/1"}],"replies":[{"embeddable":true,"href":"https:\/\/hudbasvetazilina.sk\/sk\/wp-json\/wp\/v2\/comments?post=107"}],"version-history":[{"count":7,"href":"https:\/\/hudbasvetazilina.sk\/sk\/wp-json\/wp\/v2\/pages\/107\/revisions"}],"predecessor-version":[{"id":211,"href":"https:\/\/hudbasvetazilina.sk\/sk\/wp-json\/wp\/v2\/pages\/107\/revisions\/211"}],"wp:attachment":[{"href":"https:\/\/hudbasvetazilina.sk\/sk\/wp-json\/wp\/v2\/media?parent=107"}],"curies":[{"name":"wp","href":"https:\/\/api.w.org\/{rel}","templated":true}]}}