{"id":88,"date":"2018-12-16T20:59:13","date_gmt":"2018-12-16T19:59:13","guid":{"rendered":"https:\/\/hudbasvetazilina.sk\/?page_id=88"},"modified":"2025-09-02T18:20:23","modified_gmt":"2025-09-02T16:20:23","slug":"vstupenky","status":"publish","type":"page","link":"https:\/\/hudbasvetazilina.sk\/en\/vstupenky\/","title":{"rendered":"Tickets"},"content":{"rendered":"<p>HUDBA SVETA \u017dILINA 2025 &#8211; 1. de\u0148<br \/>\n9. okt\u00f3ber 2025 \u2022 \u0161tvrtok @ 19:00<br \/>\nRosenfeldov Pal\u00e1c, \u017dilina, \u017dilina, Slovakia<br \/>\n<a href=\"https:\/\/tootoot.fm\/sk\/events\/68b5ec9af370bd9386da9df8\" target=\"_blank\" rel=\"noopener noreferrer\"><button>TICKETS<\/button><\/a><\/p>\n<hr \/>\n<p>HUDBA SVETA \u017dILINA 2025 &#8211; 2. de\u0148<br \/>\n10. okt\u00f3ber 2025 \u2022 piatok @ 19:00<br \/>\nStanica \u017dilina-Z\u00e1rie\u010die, \u017dilina, Slovakia<br \/>\n<a href=\"https:\/\/tootoot.fm\/sk\/events\/68b5ee93ca274ef8ac63339e\" target=\"_blank\" rel=\"noopener noreferrer\"><button>TICKETS<\/button><\/a><\/p>\n<hr \/>\n<p>HUDBA SVETA \u017dILINA 2025 &#8211; permanentka<br \/>\n9. okt 2025 @ 19:00 &#8211; 10. okt 2025<br \/>\nHUDBA SVETA \u017dILINA 2025, \u017dilina, Slovakia<br \/>\n<a href=\"https:\/\/tootoot.fm\/sk\/events\/68b5f012f370bd9386e31eab\" target=\"_blank\" rel=\"noopener noreferrer\"><button>TICKETS<\/button><\/a><\/p>","protected":false},"excerpt":{"rendered":"<p>HUDBA SVETA \u017dILINA 2025 &#8211; 1. de\u0148 9. okt\u00f3ber 2025 \u2022 \u0161tvrtok @ 19:00 Rosenfeldov Pal\u00e1c, \u017dilina, \u017dilina, Slovakia TICKETS HUDBA SVETA \u017dILINA 2025 &#8211; 2. de\u0148 10. okt\u00f3ber 2025 \u2022 piatok @ 19:00 Stanica \u017dilina-Z\u00e1rie\u010die, \u017dilina, Slovakia TICKETS HUDBA SVETA \u017dILINA 2025 &#8211; permanentka 9. okt 2025 @ 19:00 &#8211; 10. okt 2025 HUDBA&#8230;<\/p>\n","protected":false},"author":1,"featured_media":1107,"parent":0,"menu_order":13,"comment_status":"closed","ping_status":"closed","template":"fullwidth.php","meta":[],"yoast_head":"<!-- This site is optimized with the Yoast SEO plugin v15.1.1 - https:\/\/yoast.com\/wordpress\/plugins\/seo\/ -->\n<title>VSTUPENKY - Hudba sveta \u017dilina - 9.-11. 10. 2024<\/title>\n<meta name=\"description\" content=\"Jazz \/ World music \/ Chulig\u00e1nsky folkl\u00f3r \u2013 divok\u00fd mix \u017e\u00e1nrov a umelcov tvor\u00ed u\u017e po deviaty kr\u00e1t festival Hudba sveta \u017dilina!\" \/>\n<meta name=\"robots\" content=\"index, follow, max-snippet:-1, max-image-preview:large, max-video-preview:-1\" \/>\n<link rel=\"canonical\" href=\"https:\/\/hudbasvetazilina.sk\/en\/vstupenky\/\" \/>\n<meta property=\"og:locale\" content=\"en_US\" \/>\n<meta property=\"og:type\" content=\"article\" \/>\n<meta property=\"og:title\" content=\"VSTUPENKY - Hudba sveta \u017dilina - 9.-11. 10. 2024\" \/>\n<meta property=\"og:description\" content=\"Jazz \/ World music \/ Chulig\u00e1nsky folkl\u00f3r \u2013 divok\u00fd mix \u017e\u00e1nrov a umelcov tvor\u00ed u\u017e po deviaty kr\u00e1t festival Hudba sveta \u017dilina!\" \/>\n<meta property=\"og:url\" content=\"https:\/\/hudbasvetazilina.sk\/en\/vstupenky\/\" \/>\n<meta property=\"og:site_name\" content=\"World music \u017dilina \/ Slovakia\" \/>\n<meta property=\"article:publisher\" content=\"https:\/\/www.facebook.com\/hudbasvetazilina\/\" \/>\n<meta property=\"article:modified_time\" content=\"2025-09-02T16:20:23+00:00\" \/>\n<meta property=\"og:image\" content=\"https:\/\/hudbasvetazilina.sk\/wp-content\/uploads\/2024\/09\/hudba_sveta_logo.png\" \/>\n\t<meta property=\"og:image:width\" content=\"1495\" \/>\n\t<meta property=\"og:image:height\" content=\"1080\" \/>\n<meta name=\"twitter:card\" content=\"summary_large_image\" \/>\n<script type=\"application\/ld+json\" class=\"yoast-schema-graph\">{\"@context\":\"https:\/\/schema.org\",\"@graph\":[{\"@type\":\"Organization\",\"@id\":\"https:\/\/hudbasvetazilina.sk\/en\/#organization\",\"name\":\"Hudba sveta \\u017dilina\",\"url\":\"https:\/\/hudbasvetazilina.sk\/en\/\",\"sameAs\":[\"https:\/\/www.facebook.com\/hudbasvetazilina\/\"],\"logo\":{\"@type\":\"ImageObject\",\"@id\":\"https:\/\/hudbasvetazilina.sk\/en\/#logo\",\"inLanguage\":\"en-US\",\"url\":\"https:\/\/hudbasvetazilina.sk\/wp-content\/uploads\/2024\/09\/hudba_sveta_logo.jpg\",\"width\":1080,\"height\":555,\"caption\":\"Hudba sveta \\u017dilina\"},\"image\":{\"@id\":\"https:\/\/hudbasvetazilina.sk\/en\/#logo\"}},{\"@type\":\"WebSite\",\"@id\":\"https:\/\/hudbasvetazilina.sk\/en\/#website\",\"url\":\"https:\/\/hudbasvetazilina.sk\/en\/\",\"name\":\"World music \\u017dilina \/ Slovakia\",\"description\":\"9. - 10. October 2025\",\"publisher\":{\"@id\":\"https:\/\/hudbasvetazilina.sk\/en\/#organization\"},\"potentialAction\":[{\"@type\":\"SearchAction\",\"target\":\"https:\/\/hudbasvetazilina.sk\/en\/?s={search_term_string}\",\"query-input\":\"required name=search_term_string\"}],\"inLanguage\":\"en-US\"},{\"@type\":\"ImageObject\",\"@id\":\"https:\/\/hudbasvetazilina.sk\/en\/vstupenky\/#primaryimage\",\"inLanguage\":\"en-US\",\"url\":\"https:\/\/hudbasvetazilina.sk\/wp-content\/uploads\/2024\/09\/hudba_sveta_logo.png\",\"width\":1495,\"height\":1080},{\"@type\":\"WebPage\",\"@id\":\"https:\/\/hudbasvetazilina.sk\/en\/vstupenky\/#webpage\",\"url\":\"https:\/\/hudbasvetazilina.sk\/en\/vstupenky\/\",\"name\":\"VSTUPENKY - Hudba sveta \\u017dilina - 9.-11. 10. 2024\",\"isPartOf\":{\"@id\":\"https:\/\/hudbasvetazilina.sk\/en\/#website\"},\"primaryImageOfPage\":{\"@id\":\"https:\/\/hudbasvetazilina.sk\/en\/vstupenky\/#primaryimage\"},\"datePublished\":\"2018-12-16T19:59:13+00:00\",\"dateModified\":\"2025-09-02T16:20:23+00:00\",\"description\":\"Jazz \/ World music \/ Chulig\\u00e1nsky folkl\\u00f3r \\u2013 divok\\u00fd mix \\u017e\\u00e1nrov a umelcov tvor\\u00ed u\\u017e po deviaty kr\\u00e1t festival Hudba sveta \\u017dilina!\",\"inLanguage\":\"en-US\",\"potentialAction\":[{\"@type\":\"ReadAction\",\"target\":[[\"https:\/\/hudbasvetazilina.sk\/en\/vstupenky\/\"]]}]}]}<\/script>\n<!-- \/ Yoast SEO plugin. -->","_links":{"self":[{"href":"https:\/\/hudbasvetazilina.sk\/en\/wp-json\/wp\/v2\/pages\/88"}],"collection":[{"href":"https:\/\/hudbasvetazilina.sk\/en\/wp-json\/wp\/v2\/pages"}],"about":[{"href":"https:\/\/hudbasvetazilina.sk\/en\/wp-json\/wp\/v2\/types\/page"}],"author":[{"embeddable":true,"href":"https:\/\/hudbasvetazilina.sk\/en\/wp-json\/wp\/v2\/users\/1"}],"replies":[{"embeddable":true,"href":"https:\/\/hudbasvetazilina.sk\/en\/wp-json\/wp\/v2\/comments?post=88"}],"version-history":[{"count":58,"href":"https:\/\/hudbasvetazilina.sk\/en\/wp-json\/wp\/v2\/pages\/88\/revisions"}],"predecessor-version":[{"id":1198,"href":"https:\/\/hudbasvetazilina.sk\/en\/wp-json\/wp\/v2\/pages\/88\/revisions\/1198"}],"wp:featuredmedia":[{"embeddable":true,"href":"https:\/\/hudbasvetazilina.sk\/en\/wp-json\/wp\/v2\/media\/1107"}],"wp:attachment":[{"href":"https:\/\/hudbasvetazilina.sk\/en\/wp-json\/wp\/v2\/media?parent=88"}],"curies":[{"name":"wp","href":"https:\/\/api.w.org\/{rel}","templated":true}]}}