{"id":422,"date":"2021-09-12T14:45:26","date_gmt":"2021-09-12T12:45:26","guid":{"rendered":"https:\/\/hudbasvetazilina.sk\/?page_id=422"},"modified":"2021-09-12T14:45:26","modified_gmt":"2021-09-12T12:45:26","slug":"rocnik-2020","status":"publish","type":"page","link":"https:\/\/hudbasvetazilina.sk\/en\/rocnik-2020\/","title":{"rendered":"Edition 2020"},"content":{"rendered":"<p><strong><em>Hudba sveta \u017dilina 2020 presents\u00a0 Martin Gei\u0161berg &amp; Sandonoriko &amp; Balkansambel : &#8220;Na modrej plan\u00e9te&#8221;<\/em><\/strong><\/p>\n\t\r\n\t\t\r\n\t<div id=\"meteor-slideshowslider2020\" class=\"meteor-slides slider2020 navboth { next: '#meteor-nextslider2020', prev: '#meteor-prevslider2020', pager: '#meteor-buttonsslider2020' }\">\r\n\t\r\n\t\t\t\r\n\t\t\t\r\n\t\t\t<ul class=\"meteor-nav\">\r\n\t\t\r\n\t\t\t\t<li id=\"meteor-prevslider2020\" class=\"prev\"><a href=\"#prev\">Previous<\/a><\/li>\r\n\t\t\t\r\n\t\t\t\t<li id=\"meteor-nextslider2020\" class=\"next\"><a href=\"#next\">Next<\/a><\/li>\r\n\t\t\t\r\n\t\t\t<\/ul><!-- .meteor-nav -->\r\n\t\t\r\n\t\t\t<div id=\"meteor-buttonsslider2020\" class=\"meteor-buttons\"><\/div>\r\n\t\t\r\n\t\t\t\t\r\n\t\t\t\r\n\t\t<div class=\"meteor-clip\">\r\n\t\r\n\t\t\t\t\r\n\t\t\t<img style=\"visibility: hidden;\" class=\"meteor-shim\" src=\"https:\/\/hudbasvetazilina.sk\/wp-content\/uploads\/2020\/01\/IMG_9910.png\" alt=\"\" \/>\r\n\t\t\t<div class=\"mslide mslide-1\">\r\n\t\t\t\t\r\n\t\t\t\t\t\t\t\t\t\r\n\t\t\t\t\t<img width=\"1200\" height=\"800\" src=\"https:\/\/hudbasvetazilina.sk\/wp-content\/uploads\/2020\/01\/IMG_9910.png\" class=\"attachment-featured-slide size-featured-slide wp-post-image\" alt=\"\" loading=\"lazy\" title=\"HS 2020\" srcset=\"https:\/\/hudbasvetazilina.sk\/wp-content\/uploads\/2020\/01\/IMG_9910.png 1200w, https:\/\/hudbasvetazilina.sk\/wp-content\/uploads\/2020\/01\/IMG_9910-700x467.png 700w, https:\/\/hudbasvetazilina.sk\/wp-content\/uploads\/2020\/01\/IMG_9910-768x512.png 768w, https:\/\/hudbasvetazilina.sk\/wp-content\/uploads\/2020\/01\/IMG_9910-250x167.png 250w, https:\/\/hudbasvetazilina.sk\/wp-content\/uploads\/2020\/01\/IMG_9910-800x533.png 800w\" sizes=\"(max-width: 1200px) 100vw, 1200px\" \/>\t\t\t\t\t\r\n\t\t\t\t\t\t\t\r\n\t\t\t<\/div><!-- .mslide -->\r\n\t\t\t\r\n\t\t\t\t\t\t\r\n\t\t\t\t\r\n\t\t\t\r\n\t\t\t<div class=\"mslide mslide-2\">\r\n\t\t\t\t\r\n\t\t\t\t\t\t\t\t\t\r\n\t\t\t\t\t<img width=\"1280\" height=\"800\" src=\"https:\/\/hudbasvetazilina.sk\/wp-content\/uploads\/2020\/01\/IMG_9795-1280x800.png\" class=\"attachment-featured-slide size-featured-slide wp-post-image\" alt=\"\" loading=\"lazy\" title=\"HS 2020\" \/>\t\t\t\t\t\r\n\t\t\t\t\t\t\t\r\n\t\t\t<\/div><!-- .mslide -->\r\n\t\t\t\r\n\t\t\t\t\t\t\r\n\t\t\t\t\r\n\t\t\t\r\n\t\t\t<div class=\"mslide mslide-3\">\r\n\t\t\t\t\r\n\t\t\t\t\t\t\t\t\t\r\n\t\t\t\t\t<img width=\"1280\" height=\"800\" src=\"https:\/\/hudbasvetazilina.sk\/wp-content\/uploads\/2020\/01\/Kreslo-profi-foto-1280x800.jpg\" class=\"attachment-featured-slide size-featured-slide wp-post-image\" alt=\"\" loading=\"lazy\" title=\"HS 2020\" \/>\t\t\t\t\t\r\n\t\t\t\t\t\t\t\r\n\t\t\t<\/div><!-- .mslide -->\r\n\t\t\t\r\n\t\t\t\t\t\t\r\n\t\t\t\t\r\n\t\t\t\r\n\t\t\t<div class=\"mslide mslide-4\">\r\n\t\t\t\t\r\n\t\t\t\t\t\t\t\t\t\r\n\t\t\t\t\t<img width=\"1280\" height=\"800\" src=\"https:\/\/hudbasvetazilina.sk\/wp-content\/uploads\/2020\/01\/LR_BaroDromOrkestar_Nisba_Musicastrada_4-1280x800.jpg\" class=\"attachment-featured-slide size-featured-slide wp-post-image\" alt=\"\" loading=\"lazy\" title=\"HS 2020\" \/>\t\t\t\t\t\r\n\t\t\t\t\t\t\t\r\n\t\t\t<\/div><!-- .mslide -->\r\n\t\t\t\r\n\t\t\t\t\t\t\r\n\t\t\t\t\r\n\t\t\t\r\n\t\t\t<div class=\"mslide mslide-5\">\r\n\t\t\t\t\r\n\t\t\t\t\t\t\t\t\t\r\n\t\t\t\t\t<img width=\"800\" height=\"800\" src=\"https:\/\/hudbasvetazilina.sk\/wp-content\/uploads\/2020\/01\/Euridika-800x800.jpg\" class=\"attachment-featured-slide size-featured-slide wp-post-image\" alt=\"\" loading=\"lazy\" title=\"(Sloven\u010dina) HS 2020\" srcset=\"https:\/\/hudbasvetazilina.sk\/wp-content\/uploads\/2020\/01\/Euridika-800x800.jpg 800w, https:\/\/hudbasvetazilina.sk\/wp-content\/uploads\/2020\/01\/Euridika-150x150.jpg 150w\" sizes=\"(max-width: 800px) 100vw, 800px\" \/>\t\t\t\t\t\r\n\t\t\t\t\t\t\t\r\n\t\t\t<\/div><!-- .mslide -->\r\n\t\t\t\r\n\t\t\t\t\t\t\r\n\t\t\t\t\r\n\t\t<\/div><!-- .meteor-clip -->\r\n\t\t\t\t\r\n\t\t\t\t\t\r\n\t<\/div><!-- .meteor-slides -->\r\n\t\r\n\t\n<h2 style=\"text-align: center;\">World music \u017dILINA<\/h2>\n<hr class=\"divider\" \/>\n<p style=\"text-align: center;\">The international world music festival HUDBA SVETA \u017dILINA provides an opportunity for a live presentation of various musical cultures from all corners of the world. Its objective is to point to the diversity and beauty of world music in the interpretation of excellent local and foreign musicians. Each evening will bring different music related to a different culture or musical style. So far, the festival has brought such names as <strong>Relu and Zuralia Orchestra<\/strong>\u00a0from Romania, the Serbian trio\u00a0<strong>Balkan Strings<\/strong>, <strong>Fanfare Ciocarlia and Bojan Krsti\u010d Orkestar, Ariel Ramirez Quintet<\/strong>\u00a0and their Argentine tango, the French-Slovak band\u00a0<strong>Roc\u00b4hann<\/strong>\u00a0and their Breton music, the\u00a0Armenians<strong> Karin Sarkisjan <\/strong>and<strong> David Yengibarian<\/strong>,\u00a0<strong>Gordon Tama<\/strong>\u00a0coming from New Zealand,\u00a0<strong>Mira Awad<\/strong>\u00a0from Israel, the Polish world music band\u00a0<strong>\u010ca\u010di Vorba<\/strong>, the Hungarian\u00a0<strong>Erika Kert\u00e9z and David Reschofsky Duo, Cimbaliband<\/strong>,\u00a0<strong>Jitka \u0160uransk\u00e1<\/strong>\u00a0and her unique interpretation of Czech folklore music, <strong>BraAgas <\/strong>also coming from Czech Republic<strong>,<\/strong> the Bulgarian vocal trio\u00a0<strong>Evridika<\/strong>, the Slovak-Moldovan trio\u00a0<strong>PaCoRa, Slovak bands\u00a0 Banda, Michal Smetanka<\/strong>, <strong>Slovak Tango<\/strong>, <strong>Rus\u00edn \u010cende\u0161 Orchestra<\/strong>, <strong>Folk ensemble Rozsutec<\/strong><strong>\u00a0<\/strong>and last but not least\u00a0<strong>Balkansambel<\/strong>\u00a0\u2013 the hosting band. Besides performances, there is each year musical workshops led by true masters of their craft \u2013 musicians performing at the festival.<\/p>\n<p><img loading=\"lazy\" class=\"aligncenter wp-image-402 size-full\" src=\"https:\/\/hudbasvetazilina.sk\/wp-content\/uploads\/2020\/10\/WEB.png\" alt=\"\" width=\"3508\" height=\"3508\" srcset=\"https:\/\/hudbasvetazilina.sk\/wp-content\/uploads\/2020\/10\/WEB.png 3508w, https:\/\/hudbasvetazilina.sk\/wp-content\/uploads\/2020\/10\/WEB-700x700.png 700w, https:\/\/hudbasvetazilina.sk\/wp-content\/uploads\/2020\/10\/WEB-150x150.png 150w, https:\/\/hudbasvetazilina.sk\/wp-content\/uploads\/2020\/10\/WEB-768x768.png 768w, https:\/\/hudbasvetazilina.sk\/wp-content\/uploads\/2020\/10\/WEB-1536x1536.png 1536w, https:\/\/hudbasvetazilina.sk\/wp-content\/uploads\/2020\/10\/WEB-2048x2048.png 2048w, https:\/\/hudbasvetazilina.sk\/wp-content\/uploads\/2020\/10\/WEB-250x250.png 250w, https:\/\/hudbasvetazilina.sk\/wp-content\/uploads\/2020\/10\/WEB-800x800.png 800w\" sizes=\"(max-width: 3508px) 100vw, 3508px\" \/><\/p>","protected":false},"excerpt":{"rendered":"<p>Hudba sveta \u017dilina 2020 presents\u00a0 Martin Gei\u0161berg &amp; Sandonoriko &amp; Balkansambel : &#8220;Na modrej plan\u00e9te&#8221; World music \u017dILINA The international world music festival HUDBA SVETA \u017dILINA provides an opportunity for a live presentation of various musical cultures from all corners of the world. Its objective is to point to the diversity and beauty of world&#8230;<\/p>\n","protected":false},"author":1,"featured_media":0,"parent":0,"menu_order":6,"comment_status":"closed","ping_status":"closed","template":"fullwidth.php","meta":[],"yoast_head":"<!-- This site is optimized with the Yoast SEO plugin v15.1.1 - https:\/\/yoast.com\/wordpress\/plugins\/seo\/ -->\n<title>Edition 2020 - World music \u017dilina \/ Slovakia<\/title>\n<meta name=\"robots\" content=\"index, follow, max-snippet:-1, max-image-preview:large, max-video-preview:-1\" \/>\n<link rel=\"canonical\" href=\"https:\/\/hudbasvetazilina.sk\/en\/rocnik-2020\/\" \/>\n<meta property=\"og:locale\" content=\"en_US\" \/>\n<meta property=\"og:type\" content=\"article\" \/>\n<meta property=\"og:title\" content=\"Edition 2020 - World music \u017dilina \/ Slovakia\" \/>\n<meta property=\"og:description\" content=\"Hudba sveta \u017dilina 2020 presents\u00a0 Martin Gei\u0161berg &amp; Sandonoriko &amp; Balkansambel : &#8220;Na modrej plan\u00e9te&#8221; World music \u017dILINA The international world music festival HUDBA SVETA \u017dILINA provides an opportunity for a live presentation of various musical cultures from all corners of the world. Its objective is to point to the diversity and beauty of world...\" \/>\n<meta property=\"og:url\" content=\"https:\/\/hudbasvetazilina.sk\/en\/rocnik-2020\/\" \/>\n<meta property=\"og:site_name\" content=\"World music \u017dilina \/ Slovakia\" \/>\n<meta property=\"article:publisher\" content=\"https:\/\/www.facebook.com\/hudbasvetazilina\/\" \/>\n<meta property=\"og:image\" content=\"https:\/\/hudbasvetazilina.sk\/wp-content\/uploads\/2020\/10\/WEB.png\" \/>\n<meta name=\"twitter:card\" content=\"summary_large_image\" \/>\n<script type=\"application\/ld+json\" class=\"yoast-schema-graph\">{\"@context\":\"https:\/\/schema.org\",\"@graph\":[{\"@type\":\"Organization\",\"@id\":\"https:\/\/hudbasvetazilina.sk\/en\/#organization\",\"name\":\"Hudba sveta \\u017dilina\",\"url\":\"https:\/\/hudbasvetazilina.sk\/en\/\",\"sameAs\":[\"https:\/\/www.facebook.com\/hudbasvetazilina\/\"],\"logo\":{\"@type\":\"ImageObject\",\"@id\":\"https:\/\/hudbasvetazilina.sk\/en\/#logo\",\"inLanguage\":\"en-US\",\"url\":\"https:\/\/hudbasvetazilina.sk\/wp-content\/uploads\/2024\/09\/hudba_sveta_logo.jpg\",\"width\":1080,\"height\":555,\"caption\":\"Hudba sveta \\u017dilina\"},\"image\":{\"@id\":\"https:\/\/hudbasvetazilina.sk\/en\/#logo\"}},{\"@type\":\"WebSite\",\"@id\":\"https:\/\/hudbasvetazilina.sk\/en\/#website\",\"url\":\"https:\/\/hudbasvetazilina.sk\/en\/\",\"name\":\"World music \\u017dilina \/ Slovakia\",\"description\":\"9. - 10. October 2025\",\"publisher\":{\"@id\":\"https:\/\/hudbasvetazilina.sk\/en\/#organization\"},\"potentialAction\":[{\"@type\":\"SearchAction\",\"target\":\"https:\/\/hudbasvetazilina.sk\/en\/?s={search_term_string}\",\"query-input\":\"required name=search_term_string\"}],\"inLanguage\":\"en-US\"},{\"@type\":\"ImageObject\",\"@id\":\"https:\/\/hudbasvetazilina.sk\/en\/rocnik-2020\/#primaryimage\",\"inLanguage\":\"en-US\",\"url\":\"https:\/\/hudbasvetazilina.sk\/wp-content\/uploads\/2020\/10\/WEB.png\",\"width\":3508,\"height\":3508},{\"@type\":\"WebPage\",\"@id\":\"https:\/\/hudbasvetazilina.sk\/en\/rocnik-2020\/#webpage\",\"url\":\"https:\/\/hudbasvetazilina.sk\/en\/rocnik-2020\/\",\"name\":\"Edition 2020 - World music \\u017dilina \/ Slovakia\",\"isPartOf\":{\"@id\":\"https:\/\/hudbasvetazilina.sk\/en\/#website\"},\"primaryImageOfPage\":{\"@id\":\"https:\/\/hudbasvetazilina.sk\/en\/rocnik-2020\/#primaryimage\"},\"datePublished\":\"2021-09-12T12:45:26+00:00\",\"dateModified\":\"2021-09-12T12:45:26+00:00\",\"inLanguage\":\"en-US\",\"potentialAction\":[{\"@type\":\"ReadAction\",\"target\":[[\"https:\/\/hudbasvetazilina.sk\/en\/rocnik-2020\/\"]]}]}]}<\/script>\n<!-- \/ Yoast SEO plugin. -->","_links":{"self":[{"href":"https:\/\/hudbasvetazilina.sk\/en\/wp-json\/wp\/v2\/pages\/422"}],"collection":[{"href":"https:\/\/hudbasvetazilina.sk\/en\/wp-json\/wp\/v2\/pages"}],"about":[{"href":"https:\/\/hudbasvetazilina.sk\/en\/wp-json\/wp\/v2\/types\/page"}],"author":[{"embeddable":true,"href":"https:\/\/hudbasvetazilina.sk\/en\/wp-json\/wp\/v2\/users\/1"}],"replies":[{"embeddable":true,"href":"https:\/\/hudbasvetazilina.sk\/en\/wp-json\/wp\/v2\/comments?post=422"}],"version-history":[{"count":1,"href":"https:\/\/hudbasvetazilina.sk\/en\/wp-json\/wp\/v2\/pages\/422\/revisions"}],"predecessor-version":[{"id":424,"href":"https:\/\/hudbasvetazilina.sk\/en\/wp-json\/wp\/v2\/pages\/422\/revisions\/424"}],"wp:attachment":[{"href":"https:\/\/hudbasvetazilina.sk\/en\/wp-json\/wp\/v2\/media?parent=422"}],"curies":[{"name":"wp","href":"https:\/\/api.w.org\/{rel}","templated":true}]}}